{"id":73,"date":"2022-01-04T21:58:25","date_gmt":"2022-01-04T14:58:25","guid":{"rendered":"http:\/\/shop3.themevivu.com\/?page_id=73"},"modified":"2026-03-26T02:33:17","modified_gmt":"2026-03-25T19:33:17","slug":"lien-he","status":"publish","type":"page","link":"https:\/\/xenanghangbinhduong.com\/?page_id=73","title":{"rendered":"Li\u00ean h\u1ec7"},"content":{"rendered":"<p class=\"uppercase\"><strong>CHO THU\u00ca XE N\u00c2NG b\u00ecnh d\u01b0\u01a1ng<\/strong><!--more--><\/p>\n<p><i class=\"icon-map-pin-fill\"><\/i><a title=\"\u0110\u1ecba ch\u1ec9 mi\u1ec1n nam\" href=\"https:\/\/maps.app.goo.gl\/gMJSx1qq7e3eTWCG6\" target=\"_blank\" rel=\"nofollow noopener noreferrer\"> 42 \u0110\u1ea1i l\u1ed9 B\u00ecnh D\u01b0\u01a1ng, L\u00e1i Thi\u00eau, Thu\u1eadn An, B\u00ecnh D\u01b0\u01a1ng, Vi\u1ec7t Nam<\/a>.<\/p>\n<p><i class=\"icon-phone\"><\/i> <a href=\"tel:0907592494\">0937 691 063<\/a><\/p>\n<p><i class=\"icon-envelop\"><\/i> <a href=\"mailto:manhhung.transpoort@gmail.com\">manhhung.transpoort@gmail.com<\/a><\/p>\n<p class=\"wpcf7-contact-form-not-found\"><strong>L\u1ed7i:<\/strong> Kh\u00f4ng t\u00ecm th\u1ea5y bi\u1ec3u m\u1eabu li\u00ean h\u1ec7.<\/p>\n\n<p><iframe loading=\"lazy\" style=\"border: 0;\" src=\"https:\/\/www.google.com\/maps\/embed?pb=!1m18!1m12!1m3!1d3917.53405335149!2d106.7129183!3d10.9229723!2m3!1f0!2f0!3f0!3m2!1i1024!2i768!4f13.1!3m3!1m2!1s0x3174d7b539707f79%3A0x79e9dab7a4a73a1d!2zQ2hvIHRodcOqIHhlIG7Dom5nIELDrG5oIETGsMahbmcgTeG6oW5oIEjDuW5n!5e0!3m2!1svi!2s!4v1769453848055!5m2!1svi!2s\" width=\"100%\" height=\"450\" allowfullscreen=\"allowfullscreen\"><\/iframe><br \/>\n\n","protected":false},"excerpt":{"rendered":"<p>CHO THU\u00ca XE N\u00c2NG b\u00ecnh d\u01b0\u01a1ng<\/p>\n","protected":false},"author":1,"featured_media":1153,"parent":5,"menu_order":0,"comment_status":"closed","ping_status":"closed","template":"page-right-sidebar.php","meta":{"footnotes":""},"class_list":["post-73","page","type-page","status-publish","has-post-thumbnail","hentry"],"_links":{"self":[{"href":"https:\/\/xenanghangbinhduong.com\/index.php?rest_route=\/wp\/v2\/pages\/73","targetHints":{"allow":["GET"]}}],"collection":[{"href":"https:\/\/xenanghangbinhduong.com\/index.php?rest_route=\/wp\/v2\/pages"}],"about":[{"href":"https:\/\/xenanghangbinhduong.com\/index.php?rest_route=\/wp\/v2\/types\/page"}],"author":[{"embeddable":true,"href":"https:\/\/xenanghangbinhduong.com\/index.php?rest_route=\/wp\/v2\/users\/1"}],"replies":[{"embeddable":true,"href":"https:\/\/xenanghangbinhduong.com\/index.php?rest_route=%2Fwp%2Fv2%2Fcomments&post=73"}],"version-history":[{"count":13,"href":"https:\/\/xenanghangbinhduong.com\/index.php?rest_route=\/wp\/v2\/pages\/73\/revisions"}],"predecessor-version":[{"id":1410,"href":"https:\/\/xenanghangbinhduong.com\/index.php?rest_route=\/wp\/v2\/pages\/73\/revisions\/1410"}],"up":[{"embeddable":true,"href":"https:\/\/xenanghangbinhduong.com\/index.php?rest_route=\/wp\/v2\/pages\/5"}],"wp:featuredmedia":[{"embeddable":true,"href":"https:\/\/xenanghangbinhduong.com\/index.php?rest_route=\/wp\/v2\/media\/1153"}],"wp:attachment":[{"href":"https:\/\/xenanghangbinhduong.com\/index.php?rest_route=%2Fwp%2Fv2%2Fmedia&parent=73"}],"curies":[{"name":"wp","href":"https:\/\/api.w.org\/{rel}","templated":true}]}}