{"id":951,"date":"2023-03-31T17:37:17","date_gmt":"2023-03-31T10:37:17","guid":{"rendered":"https:\/\/xenanghangbinhduong.com\/?page_id=951"},"modified":"2026-03-26T02:26:03","modified_gmt":"2026-03-25T19:26:03","slug":"ve-chung-toi","status":"publish","type":"page","link":"https:\/\/xenanghangbinhduong.com\/?page_id=951","title":{"rendered":"V\u00ea ch\u00fang t\u00f4i"},"content":{"rendered":"<h1 style=\"text-align: center;\">V\u1ec1 ch\u00fang t\u00f4i<\/h1>\n<h2 data-start=\"240\" data-end=\"329\">D\u1ecbch v\u1ee5 cho thu\u00ea xe n\u00e2ng \u2013 cho thu\u00ea xe c\u1ea9u \u2013 di d\u1eddi m\u00e1y m\u00f3c \u2013 v\u1eadn chuy\u1ec3n m\u00e1y m\u00f3c \u2013 \u0111\u00f3ng g\u00f3i h\u00e0ng h\u00f3a &#8211; \u0111\u00f3ng ki\u1ec7n g\u1ed7 &#8211; \u0111\u00f3ng th\u00f9ng g\u1ed7 &#8211; di d\u1eddi kho x\u01b0\u1edfng chuy\u00ean nghi\u1ec7p t\u1ea1i B\u00ecnh D\u01b0\u01a1ng<\/h2>\n<p data-start=\"331\" data-end=\"567\"><strong data-start=\"331\" data-end=\"358\">Cho thu\u00ea xe n\u00e2ng B\u00ecnh D\u01b0\u01a1ng, \u0110\u1ed3ng Nai, Th\u00e0nh Ph\u1ed1 H\u1ed3 Ch\u00ed Minh, T\u00e2y Ninh, Long An, V\u0169ng T\u00e0u, B\u00ecnh Ph\u01b0\u1edbc, Ti\u1ec1ng Giang, B\u00ecnh Thu\u1eadn &#8211; C\u00f4ng Ty N\u00e2ng C\u1ea9u M\u1ea1nh H\u00f9ng<\/strong>\u00a0l\u00e0 \u0111\u01a1n v\u1ecb chuy\u00ean cung c\u1ea5p d\u1ecbch v\u1ee5 <strong data-start=\"393\" data-end=\"540\">cho thu\u00ea xe n\u00e2ng, cho thu\u00ea xe c\u1ea9u, di d\u1eddi l\u1eafp \u0111\u1eb7t m\u00e1y m\u00f3c, di d\u1eddi kho x\u01b0\u1edfng \u2013 di d\u1eddi nh\u00e0 x\u01b0\u1edfng, v\u1eadn chuy\u1ec3n h\u00e0ng h\u00f3a \u2013 v\u1eadn chuy\u1ec3n m\u00e1y m\u00f3c v\u00e0 \u0111\u00f3ng g\u00f3i h\u00e0ng h\u00f3a, \u0111\u00f3ng ki\u1ec7n g\u1ed7, \u0111\u00f3ng th\u00f9ng g\u1ed7<\/strong> uy t\u00edn t\u1ea1i <strong data-start=\"552\" data-end=\"566\">B\u00ecnh D\u01b0\u01a1ng<\/strong>.<\/p>\n<p data-start=\"569\" data-end=\"808\">V\u1edbi ph\u01b0\u01a1ng ch\u00e2m <strong data-start=\"585\" data-end=\"636\">Nhanh \u2013 An to\u00e0n \u2013 \u0110\u00fang ti\u1ebfn \u0111\u1ed9 \u2013 Chi ph\u00ed h\u1ee3p l\u00fd<\/strong>, ch\u00fang t\u00f4i lu\u00f4n s\u1eb5n s\u00e0ng h\u1ed7 tr\u1ee3 kh\u00e1ch h\u00e0ng t\u1eeb c\u00e1c c\u00f4ng tr\u00ecnh, kho h\u00e0ng, nh\u00e0 m\u00e1y \u0111\u1ebfn doanh nghi\u1ec7p trong c\u00e1c khu c\u00f4ng nghi\u1ec7p nh\u01b0 <strong data-start=\"764\" data-end=\"808\">VSIP 1, VSIP 2, VSIP 3,\u00a0 S\u00f3ng Th\u1ea7n 1, S\u00f3ng Th\u1ea7n 2, S\u00f3ng Th\u1ea7n 3, KCN M\u1ef9 Ph\u01b0\u1edbc 1, KCN M\u1ef9 Ph\u01b0\u1edbc 2, KCN M\u1ef9 Ph\u01b0\u1edbc 3, KCN \u0110\u1ea1i \u0110\u0103ng, KCN Vi\u1ec7t H\u01b0\u01a1ng, KCN \u0110\u1ed3ng An, KCN T\u00e2n \u0110\u00f4ng Hi\u1ec7p B, KCN Nam T\u00e2n Uy\u00ean, KCN R\u1ea1ch B\u1eafp, KCN Long Th\u00e0nh, KCN Nh\u01a1n Tr\u1ea1ch, KCN Th\u00e0nh Th\u00e0nh C\u00f4ng, KCN V\u0129nh L\u1ed9c, KCN \u0110\u1ea5t Cu\u1ed1c, KCN Bi\u00ean H\u00f2a, KCN T\u00e2n B\u00ecnh, KCN Long H\u1eadu, KCN Ph\u00fa Trung, Khu Ch\u1ebf Xu\u1ea5t Linh Trung, KCN Ch\u01a1n Th\u00e0nh, KCN Minh H\u01b0ng H\u00e0n Qu\u1ed1c, KCN Singapore,\u00a0 KCN B\u00ecnh Chi\u1ec3u, C\u00f4ng Ngh\u00ea Cao Qu\u1eadn 9,\u00a0 \u2026<\/strong><\/p>\n<hr data-start=\"810\" data-end=\"813\" \/>\n<h2 data-start=\"815\" data-end=\"844\">D\u1ecaCH V\u1ee4 CH\u00daNG T\u00d4I CUNG C\u1ea4P<\/h2>\n<p data-start=\"845\" data-end=\"1355\">\u2705 <strong data-start=\"847\" data-end=\"878\">Cho thu\u00ea xe n\u00e2ng B\u00ecnh D\u01b0\u01a1ng<\/strong> (xe n\u00e2ng \u0111i\u1ec7n, xe n\u00e2ng d\u1ea7u)<br data-start=\"906\" data-end=\"909\" \/>\u2705 <strong data-start=\"911\" data-end=\"941\">Cho thu\u00ea xe c\u1ea9u B\u00ecnh D\u01b0\u01a1ng<\/strong> \u2013 c\u1ea9u h\u00e0ng, c\u1ea9u m\u00e1y m\u00f3c, b\u1ed1c d\u1ee1, b\u1ed1c x\u1ebfp, c\u1ea9u kato<br data-start=\"973\" data-end=\"976\" \/>\u2705 <strong data-start=\"978\" data-end=\"1017\">Di d\u1eddi \u2013 l\u1eafp \u0111\u1eb7t m\u00e1y m\u00f3c B\u00ecnh D\u01b0\u01a1ng<\/strong><br data-start=\"1017\" data-end=\"1020\" \/>\u2705 <strong data-start=\"1022\" data-end=\"1072\">Di d\u1eddi kho x\u01b0\u1edfng \u2013 di d\u1eddi nh\u00e0 x\u01b0\u1edfng B\u00ecnh D\u01b0\u01a1ng<\/strong><br data-start=\"1072\" data-end=\"1075\" \/>\u2705 <strong data-start=\"1077\" data-end=\"1132\">V\u1eadn chuy\u1ec3n m\u00e1y m\u00f3c \u2013 v\u1eadn chuy\u1ec3n h\u00e0ng h\u00f3a B\u00ecnh D\u01b0\u01a1ng<\/strong><br data-start=\"1132\" data-end=\"1135\" \/>\u2705 <strong data-start=\"1137\" data-end=\"1187\">Giao nh\u1eadn h\u00e0ng h\u00f3a \u2013 b\u1ed1c d\u1ee1 \u2013 n\u00e2ng h\u1ea1 h\u00e0ng h\u00f3a<\/strong><br data-start=\"1187\" data-end=\"1190\" \/>\u2705 <strong data-start=\"1192\" data-end=\"1255\">\u0110\u00f3ng g\u00f3i h\u00e0ng h\u00f3a \u2013 \u0111\u00f3ng ki\u1ec7n g\u1ed7 \u2013 \u0111\u00f3ng th\u00f9ng g\u1ed7 B\u00ecnh D\u01b0\u01a1ng<\/strong><br data-start=\"1255\" data-end=\"1258\" \/>\u2705 <strong data-start=\"1260\" data-end=\"1291\">Cho thu\u00ea kho b\u00e3i B\u00ecnh D\u01b0\u01a1ng<\/strong><br data-start=\"1291\" data-end=\"1294\" \/>\u2705 <strong data-start=\"1296\" data-end=\"1355\">Mua b\u00e1n \u2013 s\u1eeda ch\u1eefa \u2013 b\u1ea3o tr\u00ec xe n\u00e2ng \u0111\u1ecbnh k\u1ef3 B\u00ecnh D\u01b0\u01a1ng<\/strong><\/p>\n<hr data-start=\"1357\" data-end=\"1360\" \/>\n<h2 data-start=\"1362\" data-end=\"1396\">L\u00dd DO KH\u00c1CH H\u00c0NG CH\u1eccN CH\u00daNG T\u00d4I<\/h2>\n<ul data-start=\"1397\" data-end=\"1708\">\n<li data-start=\"1397\" data-end=\"1461\">\n<p data-start=\"1399\" data-end=\"1461\"><strong data-start=\"1399\" data-end=\"1430\">C\u00f3 m\u1eb7t nhanh t\u1ea1i B\u00ecnh D\u01b0\u01a1ng<\/strong>, h\u1ed7 tr\u1ee3 t\u1eadn n\u01a1i theo nhu c\u1ea7u<\/p>\n<\/li>\n<li data-start=\"1462\" data-end=\"1525\">\n<p data-start=\"1464\" data-end=\"1525\">\u0110\u1ed9i ng\u0169 <strong data-start=\"1472\" data-end=\"1495\">kinh nghi\u1ec7m th\u1ef1c t\u1ebf<\/strong>, l\u00e0m vi\u1ec7c c\u1ea9n th\u1eadn, an to\u00e0n<\/p>\n<\/li>\n<li data-start=\"1526\" data-end=\"1595\">\n<p data-start=\"1528\" data-end=\"1595\"><strong data-start=\"1528\" data-end=\"1548\">Thi\u1ebft b\u1ecb \u0111a d\u1ea1ng<\/strong>, \u0111\u00e1p \u1ee9ng nhi\u1ec1u lo\u1ea1i h\u00e0ng h\u00f3a v\u00e0 m\u00e1y m\u00f3c n\u1eb7ng<\/p>\n<\/li>\n<li data-start=\"1596\" data-end=\"1648\">\n<p data-start=\"1598\" data-end=\"1648\">Quy tr\u00ecnh r\u00f5 r\u00e0ng, h\u1ed7 tr\u1ee3 kh\u1ea3o s\u00e1t nhanh n\u1ebfu c\u1ea7n<\/p>\n<\/li>\n<li data-start=\"1649\" data-end=\"1708\">\n<p data-start=\"1651\" data-end=\"1708\"><strong data-start=\"1651\" data-end=\"1689\">B\u00e1o gi\u00e1 minh b\u1ea1ch \u2013 t\u1ed1i \u01b0u chi ph\u00ed<\/strong>, h\u1ea1n ch\u1ebf ph\u00e1t sinh<\/p>\n<\/li>\n<\/ul>\n<hr data-start=\"1710\" data-end=\"1713\" \/>\n<h2 data-start=\"1715\" data-end=\"1733\">KHU V\u1ef0C PH\u1ee4C V\u1ee4<\/h2>\n<p data-start=\"1734\" data-end=\"1867\">Ch\u00fang t\u00f4i ph\u1ee5c v\u1ee5 to\u00e0n t\u1ec9nh B\u00ecnh D\u01b0\u01a1ng: <strong data-start=\"1774\" data-end=\"1835\">Thu\u1eadn An, D\u0129 An, Th\u1ee7 D\u1ea7u M\u1ed9t, T\u00e2n Uy\u00ean, B\u1ebfn C\u00e1t, B\u00e0u B\u00e0ng, \u0110\u1ea5t Cu\u1ed1c, L\u00e1i Thi\u00eau, T\u00e2n \u0110\u00f4ng Hi\u1ec7p, T\u00e2n V\u0129nh Hi\u1ec7p, T\u00e2n Ph\u01b0\u1edbc Kh\u00e1nh, V\u0129nh Ph\u00fa, V\u0129nh T\u00e2n<\/strong>\u00a0v\u00e0 c\u00e1c khu c\u00f4ng nghi\u1ec7p l\u00e2n c\u1eadn.<\/p>\n<hr data-start=\"1869\" data-end=\"1872\" \/>\n<h2 data-start=\"1874\" data-end=\"1898\">LI\u00caN H\u1ec6 B\u00c1O GI\u00c1 NHANH<\/h2>\n<p data-start=\"1899\" data-end=\"2107\">\ud83d\udcde <strong data-start=\"1902\" data-end=\"1914\">Hotline:<\/strong> <strong data-start=\"1915\" data-end=\"1931\">0937 691 063<\/strong><br data-start=\"1931\" data-end=\"1934\" \/>\ud83d\udcac <strong data-start=\"1937\" data-end=\"1954\">Zalo b\u00e1o gi\u00e1:<\/strong> <strong data-start=\"1955\" data-end=\"1971\">0937 691 063<\/strong><br data-start=\"1971\" data-end=\"1974\" \/>\ud83d\udce7 <strong data-start=\"1977\" data-end=\"1987\">Email:<\/strong> <strong data-start=\"1988\" data-end=\"2021\"><a class=\"decorated-link cursor-pointer\" rel=\"noopener\" data-start=\"1990\" data-end=\"2019\">manhhung.transpoort@gmail.com<\/a><\/strong><br data-start=\"2021\" data-end=\"2024\" \/>\ud83d\udccd <strong data-start=\"2027\" data-end=\"2039\">\u0110\u1ecba ch\u1ec9:<\/strong> <strong data-start=\"2040\" data-end=\"2107\">42 \u0110\u1ea1i l\u1ed9 B\u00ecnh D\u01b0\u01a1ng, L\u00e1i Thi\u00eau, Thu\u1eadn An, B\u00ecnh D\u01b0\u01a1ng, Vi\u1ec7t Nam<\/strong><\/p>\n","protected":false},"excerpt":{"rendered":"<p>V\u1ec1 ch\u00fang t\u00f4i D\u1ecbch v\u1ee5 cho thu\u00ea xe n\u00e2ng \u2013 cho thu\u00ea xe c\u1ea9u \u2013 di d\u1eddi m\u00e1y m\u00f3c \u2013 v\u1eadn chuy\u1ec3n m\u00e1y m\u00f3c \u2013 \u0111\u00f3ng g\u00f3i h\u00e0ng h\u00f3a &#8211; \u0111\u00f3ng ki\u1ec7n g\u1ed7 &#8211; \u0111\u00f3ng th\u00f9ng g\u1ed7 &#8211; di d\u1eddi kho x\u01b0\u1edfng chuy\u00ean nghi\u1ec7p t\u1ea1i B\u00ecnh D\u01b0\u01a1ng Cho thu\u00ea xe n\u00e2ng B\u00ecnh D\u01b0\u01a1ng, \u0110\u1ed3ng Nai,&#8230;<\/p>\n","protected":false},"author":1,"featured_media":1126,"parent":5,"menu_order":0,"comment_status":"closed","ping_status":"closed","template":"page-right-sidebar.php","meta":{"footnotes":""},"class_list":["post-951","page","type-page","status-publish","has-post-thumbnail","hentry"],"_links":{"self":[{"href":"https:\/\/xenanghangbinhduong.com\/index.php?rest_route=\/wp\/v2\/pages\/951","targetHints":{"allow":["GET"]}}],"collection":[{"href":"https:\/\/xenanghangbinhduong.com\/index.php?rest_route=\/wp\/v2\/pages"}],"about":[{"href":"https:\/\/xenanghangbinhduong.com\/index.php?rest_route=\/wp\/v2\/types\/page"}],"author":[{"embeddable":true,"href":"https:\/\/xenanghangbinhduong.com\/index.php?rest_route=\/wp\/v2\/users\/1"}],"replies":[{"embeddable":true,"href":"https:\/\/xenanghangbinhduong.com\/index.php?rest_route=%2Fwp%2Fv2%2Fcomments&post=951"}],"version-history":[{"count":12,"href":"https:\/\/xenanghangbinhduong.com\/index.php?rest_route=\/wp\/v2\/pages\/951\/revisions"}],"predecessor-version":[{"id":1527,"href":"https:\/\/xenanghangbinhduong.com\/index.php?rest_route=\/wp\/v2\/pages\/951\/revisions\/1527"}],"up":[{"embeddable":true,"href":"https:\/\/xenanghangbinhduong.com\/index.php?rest_route=\/wp\/v2\/pages\/5"}],"wp:featuredmedia":[{"embeddable":true,"href":"https:\/\/xenanghangbinhduong.com\/index.php?rest_route=\/wp\/v2\/media\/1126"}],"wp:attachment":[{"href":"https:\/\/xenanghangbinhduong.com\/index.php?rest_route=%2Fwp%2Fv2%2Fmedia&parent=951"}],"curies":[{"name":"wp","href":"https:\/\/api.w.org\/{rel}","templated":true}]}}