{"id":1171,"date":"2026-01-29T15:20:14","date_gmt":"2026-01-29T08:20:14","guid":{"rendered":"https:\/\/xenanghangbinhduong.com\/?post_type=product&#038;p=1171"},"modified":"2026-03-30T13:44:31","modified_gmt":"2026-03-30T06:44:31","slug":"di-doi-kho-xuong-binh-duong","status":"publish","type":"product","link":"https:\/\/xenanghangbinhduong.com\/?product=di-doi-kho-xuong-binh-duong","title":{"rendered":"Di d\u1eddi kho x\u01b0\u1edfng B\u00ecnh D\u01b0\u01a1ng"},"content":{"rendered":"<h2 data-start=\"3965\" data-end=\"4042\">Di d\u1eddi kho x\u01b0\u1edfng B\u00ecnh D\u01b0\u01a1ng \u2013 Tr\u1ecdn g\u00f3i, nhanh g\u1ecdn, t\u1ed1i \u01b0u chi ph\u00ed<\/h2>\n<p data-start=\"4043\" data-end=\"4325\">Anh\/ch\u1ecb \u0111ang chu\u1ea9n b\u1ecb\u00a0<strong data-start=\"4065\" data-end=\"4096\">di d\u1eddi kho x\u01b0\u1edfng B\u00ecnh D\u01b0\u01a1ng<\/strong>\u00a0v\u00e0 c\u1ea7n m\u1ed9t \u0111\u01a1n v\u1ecb c\u00f3 th\u1ec3 l\u00e0m tr\u1ecdn g\u00f3i t\u1eeb th\u00e1o d\u1ee1, b\u1ed1c x\u1ebfp, v\u1eadn chuy\u1ec3n \u0111\u1ebfn s\u1eafp x\u1ebfp l\u1ea1i kho?<br data-start=\"4187\" data-end=\"4190\" \/>Ch\u00fang t\u00f4i nh\u1eadn di d\u1eddi kho x\u01b0\u1edfng cho doanh nghi\u1ec7p, nh\u00e0 m\u00e1y, kho h\u00e0ng t\u1ea1i B\u00ecnh D\u01b0\u01a1ng v\u1edbi ti\u00eau ch\u00ed:\u00a0<strong data-start=\"4287\" data-end=\"4324\">nhanh \u2013 g\u1ecdn \u2013 an to\u00e0n \u2013 ti\u1ebft ki\u1ec7m<\/strong>.<\/p>\n<p data-start=\"4327\" data-end=\"4535\">\ud83d\udcde\u00a0<strong data-start=\"4330\" data-end=\"4342\">Hotline:<\/strong>\u00a0<strong data-start=\"4343\" data-end=\"4359\">0937 691 063<\/strong><br data-start=\"4359\" data-end=\"4362\" \/>\ud83d\udcac\u00a0<strong data-start=\"4365\" data-end=\"4382\">Zalo b\u00e1o gi\u00e1:<\/strong>\u00a0<strong data-start=\"4383\" data-end=\"4399\">0937 691 063<\/strong><br data-start=\"4399\" data-end=\"4402\" \/>\ud83d\udce7\u00a0<strong data-start=\"4405\" data-end=\"4415\">Email:<\/strong>\u00a0<strong data-start=\"4416\" data-end=\"4449\"><a class=\"decorated-link cursor-pointer\" rel=\"noopener\" data-start=\"4418\" data-end=\"4447\">manhhung.transpoort@gmail.com<\/a><\/strong><br data-start=\"4449\" data-end=\"4452\" \/>\ud83d\udccd\u00a0<strong data-start=\"4455\" data-end=\"4467\">\u0110\u1ecba ch\u1ec9:<\/strong>\u00a0<strong data-start=\"4468\" data-end=\"4535\">42 \u0110\u1ea1i l\u1ed9 B\u00ecnh D\u01b0\u01a1ng, L\u00e1i Thi\u00eau, Thu\u1eadn An, B\u00ecnh D\u01b0\u01a1ng, Vi\u1ec7t Nam<\/strong><\/p>\n<hr data-start=\"4537\" data-end=\"4540\" \/>\n<h2 data-start=\"4542\" data-end=\"4600\">1) Nh\u1eefng h\u1ea1ng m\u1ee5c th\u01b0\u1eddng ph\u00e1t sinh khi di d\u1eddi kho x\u01b0\u1edfng<\/h2>\n<p data-start=\"4601\" data-end=\"4637\">M\u1ed9t l\u1ea7n di d\u1eddi kho x\u01b0\u1edfng th\u01b0\u1eddng g\u1ed3m:<\/p>\n<ul data-start=\"4638\" data-end=\"4841\">\n<li data-start=\"4638\" data-end=\"4696\">\n<p data-start=\"4640\" data-end=\"4696\">Di chuy\u1ec3n h\u00e0ng t\u1ed3n kho (pallet, th\u00f9ng carton, ki\u1ec7n h\u00e0ng)<\/p>\n<\/li>\n<li data-start=\"4697\" data-end=\"4736\">\n<p data-start=\"4699\" data-end=\"4736\">Th\u00e1o l\u1eafp k\u1ec7 kho, gi\u00e1 k\u1ec7, thi\u1ebft b\u1ecb kho<\/p>\n<\/li>\n<li data-start=\"4737\" data-end=\"4772\">\n<p data-start=\"4739\" data-end=\"4772\">B\u1ed1c d\u1ee1 h\u00e0ng h\u00f3a l\u00ean xe t\u1ea3i\/xe c\u1ea9u<\/p>\n<\/li>\n<li data-start=\"4773\" data-end=\"4803\">\n<p data-start=\"4775\" data-end=\"4803\">V\u1eadn chuy\u1ec3n \u0111\u1ebfn kho\/x\u01b0\u1edfng m\u1edbi<\/p>\n<\/li>\n<li data-start=\"4804\" data-end=\"4841\">\n<p data-start=\"4806\" data-end=\"4841\">S\u1eafp x\u1ebfp, b\u1ed1c x\u1ebfp l\u1ea1i theo s\u01a1 \u0111\u1ed3 kho<\/p>\n<\/li>\n<\/ul>\n<p data-start=\"4843\" data-end=\"4916\">\u2705\u00a0N\u1ebfu kh\u00f4ng c\u00f3 ph\u01b0\u01a1ng \u00e1n r\u00f5 r\u00e0ng s\u1ebd d\u1ec5 ch\u1eadm ti\u1ebfn \u0111\u1ed9 v\u00e0 ph\u00e1t sinh chi ph\u00ed.<\/p>\n<hr data-start=\"4918\" data-end=\"4921\" \/>\n<h2 data-start=\"4923\" data-end=\"4978\">2) D\u1ecbch v\u1ee5 di d\u1eddi kho x\u01b0\u1edfng B\u00ecnh D\u01b0\u01a1ng c\u1ee7a ch\u00fang t\u00f4i<\/h2>\n<p data-start=\"4979\" data-end=\"5203\">B\u00ean em h\u1ed7 tr\u1ee3:<br \/>\n\u2705\u00a0Kh\u1ea3o s\u00e1t kho + l\u00ean ph\u01b0\u01a1ng \u00e1n di d\u1eddi t\u1ed1i \u01b0u<br data-start=\"5038\" data-end=\"5041\" \/>\u2705\u00a0Chu\u1ea9n b\u1ecb xe n\u00e2ng\/xe c\u1ea9u (t\u00f9y h\u1ea1ng m\u1ee5c)<br data-start=\"5081\" data-end=\"5084\" \/>\u2705\u00a0Nh\u00e2n c\u00f4ng b\u1ed1c x\u1ebfp \u2013 n\u00e2ng h\u1ea1 chuy\u00ean nghi\u1ec7p<br data-start=\"5127\" data-end=\"5130\" \/>\u2705\u00a0\u0110\u00f3ng g\u00f3i \u2013 ch\u1eb1ng bu\u1ed9c h\u00e0ng h\u00f3a an to\u00e0n<br data-start=\"5170\" data-end=\"5173\" \/>\u2705\u00a0V\u1eadn chuy\u1ec3n nhanh \u2013 \u0111\u00fang l\u1ecbch<\/p>\n<p data-start=\"5205\" data-end=\"5267\">\ud83d\udccc\u00a0\u0110\u1ea3m b\u1ea3o h\u1ea1n ch\u1ebf th\u1ea5t l\u1ea1c, tr\u1ea7y x\u01b0\u1edbc trong qu\u00e1 tr\u00ecnh di d\u1eddi.<\/p>\n<hr data-start=\"5269\" data-end=\"5272\" \/>\n<h2 data-start=\"5274\" data-end=\"5335\">3) B\u00e1o gi\u00e1 di d\u1eddi kho x\u01b0\u1edfng B\u00ecnh D\u01b0\u01a1ng ph\u1ee5 thu\u1ed9c nh\u1eefng g\u00ec?<\/h2>\n<p data-start=\"5336\" data-end=\"5361\">Chi ph\u00ed s\u1ebd thay \u0111\u1ed5i theo:<\/p>\n<ul data-start=\"5362\" data-end=\"5525\">\n<li data-start=\"5362\" data-end=\"5401\">\n<p data-start=\"5364\" data-end=\"5401\">S\u1ed1 l\u01b0\u1ee3ng h\u00e0ng h\u00f3a v\u00e0 m\u1ee9c \u0111\u1ed9 c\u1ed3ng k\u1ec1nh<\/p>\n<\/li>\n<li data-start=\"5402\" data-end=\"5426\">\n<p data-start=\"5404\" data-end=\"5426\">Qu\u00e3ng \u0111\u01b0\u1eddng v\u1eadn chuy\u1ec3n<\/p>\n<\/li>\n<li data-start=\"5427\" data-end=\"5461\">\n<p data-start=\"5429\" data-end=\"5461\">C\u00f3 c\u1ea7n th\u00e1o l\u1eafp k\u1ec7 kho hay kh\u00f4ng<\/p>\n<\/li>\n<li data-start=\"5462\" data-end=\"5493\">\n<p data-start=\"5464\" data-end=\"5493\">Th\u1eddi gian thi c\u00f4ng (ng\u00e0y\/\u0111\u00eam)<\/p>\n<\/li>\n<li data-start=\"5494\" data-end=\"5525\">\n<p data-start=\"5496\" data-end=\"5525\">Y\u00eau c\u1ea7u xe n\u00e2ng\/xe c\u1ea9u h\u1ed7 tr\u1ee3<\/p>\n<\/li>\n<\/ul>\n<p data-start=\"5527\" data-end=\"5576\">\ud83d\udcac\u00a0Nh\u1eafn Zalo nh\u1eadn b\u00e1o gi\u00e1 nhanh:\u00a0<strong data-start=\"5560\" data-end=\"5576\">0937 691 063<\/strong><\/p>\n<hr data-start=\"5578\" data-end=\"5581\" \/>\n<h2 data-start=\"5583\" data-end=\"5632\">4) Quy tr\u00ecnh di d\u1eddi kho x\u01b0\u1edfng nhanh \u2013 hi\u1ec7u qu\u1ea3<\/h2>\n<ol data-start=\"5633\" data-end=\"5853\">\n<li data-start=\"5633\" data-end=\"5670\">\n<p data-start=\"5636\" data-end=\"5670\">Ti\u1ebfp nh\u1eadn nhu c\u1ea7u + \u0111\u1ecba \u0111i\u1ec3m kho<\/p>\n<\/li>\n<li data-start=\"5671\" data-end=\"5700\">\n<p data-start=\"5674\" data-end=\"5700\">Kh\u1ea3o s\u00e1t &amp; l\u00ean ph\u01b0\u01a1ng \u00e1n<\/p>\n<\/li>\n<li data-start=\"5701\" data-end=\"5725\">\n<p data-start=\"5704\" data-end=\"5725\">B\u00e1o gi\u00e1 \u2013 ch\u1ed1t l\u1ecbch<\/p>\n<\/li>\n<li data-start=\"5726\" data-end=\"5762\">\n<p data-start=\"5729\" data-end=\"5762\">\u0110\u00f3ng g\u00f3i \u2013 ph\u00e2n lo\u1ea1i \u2013 \u0111\u00e1nh d\u1ea5u<\/p>\n<\/li>\n<li data-start=\"5763\" data-end=\"5788\">\n<p data-start=\"5766\" data-end=\"5788\">B\u1ed1c x\u1ebfp \u2013 v\u1eadn chuy\u1ec3n<\/p>\n<\/li>\n<li data-start=\"5789\" data-end=\"5828\">\n<p data-start=\"5792\" data-end=\"5828\">S\u1eafp x\u1ebfp t\u1ea1i kho m\u1edbi (theo y\u00eau c\u1ea7u)<\/p>\n<\/li>\n<li data-start=\"5829\" data-end=\"5853\">\n<p data-start=\"5832\" data-end=\"5853\">B\u00e0n giao \u2013 nghi\u1ec7m thu<\/p>\n<\/li>\n<\/ol>\n<p data-start=\"5855\" data-end=\"5916\">\u2705\u00a0L\u00e0m \u0111\u00fang ti\u1ebfn \u0111\u1ed9 \u0111\u1ec3 doanh nghi\u1ec7p kh\u00f4ng gi\u00e1n \u0111o\u1ea1n ho\u1ea1t \u0111\u1ed9ng.<\/p>\n<hr data-start=\"5918\" data-end=\"5921\" \/>\n<h2 data-start=\"5923\" data-end=\"5977\">5) B\u00ecnh D\u01b0\u01a1ng \u2013 Nh\u1eadn di d\u1eddi kho x\u01b0\u1edfng t\u1eadn n\u01a1i<\/h2>\n<p data-start=\"5978\" data-end=\"6091\">Thu\u1eadn An \u2013 D\u0129 An \u2013 Th\u1ee7 D\u1ea7u M\u1ed9t \u2013 T\u00e2n Uy\u00ean \u2013 B\u1ebfn C\u00e1t \u2013 B\u00e0u B\u00e0ng<br data-start=\"6040\" data-end=\"6043\" \/>KCN: VSIP \u2013 S\u00f3ng Th\u1ea7n \u2013 M\u1ef9 Ph\u01b0\u1edbc \u2013 Nam T\u00e2n Uy\u00ean\u2026<\/p>\n<hr data-start=\"6093\" data-end=\"6096\" \/>\n<h2 data-start=\"6098\" data-end=\"6125\">FAQ \u2013 C\u00e2u h\u1ecfi th\u01b0\u1eddng g\u1eb7p<\/h2>\n<p data-start=\"6126\" data-end=\"6238\"><strong data-start=\"6126\" data-end=\"6176\">1) C\u00f3 nh\u1eadn di d\u1eddi kho x\u01b0\u1edfng v\u00e0o ban \u0111\u00eam kh\u00f4ng?<\/strong><br data-start=\"6176\" data-end=\"6179\" \/>C\u00f3. B\u00ean em h\u1ed7 tr\u1ee3 theo l\u1ecbch ph\u00f9 h\u1ee3p ho\u1ea1t \u0111\u1ed9ng doanh nghi\u1ec7p.<\/p>\n<p data-start=\"6240\" data-end=\"6329\"><strong data-start=\"6240\" data-end=\"6281\">2) C\u00f3 h\u1ed7 tr\u1ee3 \u0111\u00f3ng g\u00f3i h\u00e0ng h\u00f3a kh\u00f4ng?<\/strong><br data-start=\"6281\" data-end=\"6284\" \/>C\u00f3. B\u00ean em c\u00f3 \u0111\u00f3ng g\u00f3i v\u00e0 ch\u1eb1ng bu\u1ed9c an to\u00e0n.<\/p>\n<p data-start=\"6331\" data-end=\"6427\"><strong data-start=\"6331\" data-end=\"6374\">3) C\u00f3 nh\u1eadn kho h\u00e0ng s\u1ed1 l\u01b0\u1ee3ng l\u1edbn kh\u00f4ng?<\/strong><br data-start=\"6374\" data-end=\"6377\" \/>C\u00f3. C\u00f3 th\u1ec3 chia \u0111\u1ed9i thi c\u00f4ng \u0111\u1ec3 l\u00e0m nhanh ti\u1ebfn \u0111\u1ed9.<\/p>\n<hr data-start=\"6429\" data-end=\"6432\" \/>\n<h2 data-start=\"6434\" data-end=\"6480\">\u2705\u00a0Li\u00ean h\u1ec7 di d\u1eddi kho x\u01b0\u1edfng B\u00ecnh D\u01b0\u01a1ng<\/h2>\n<p data-start=\"6481\" data-end=\"6673\">\ud83d\udcde\u00a0Hotline:\u00a0<strong data-start=\"6493\" data-end=\"6509\">0937 691 063<\/strong><br data-start=\"6509\" data-end=\"6512\" \/>\ud83d\udcac\u00a0Zalo b\u00e1o gi\u00e1:\u00a0<strong data-start=\"6529\" data-end=\"6545\">0937 691 063<\/strong><br data-start=\"6545\" data-end=\"6548\" \/>\ud83d\udce7\u00a0Email:\u00a0<strong data-start=\"6558\" data-end=\"6591\"><a class=\"decorated-link cursor-pointer\" rel=\"noopener\" data-start=\"6560\" data-end=\"6589\">manhhung.transpoort@gmail.com<\/a><\/strong><br data-start=\"6591\" data-end=\"6594\" \/>\ud83d\udccd\u00a0\u0110\u1ecba ch\u1ec9:\u00a0<strong data-start=\"6606\" data-end=\"6673\">42 \u0110\u1ea1i l\u1ed9 B\u00ecnh D\u01b0\u01a1ng, L\u00e1i Thi\u00eau, Thu\u1eadn An, B\u00ecnh D\u01b0\u01a1ng, Vi\u1ec7t Nam<\/strong><\/p>\n","protected":false},"excerpt":{"rendered":"<p><a href=\"https:\/\/xenanghangbinhduong.com\/?attachment_id=1457#main\" rel=\"attachment wp-att-1457\"><img loading=\"lazy\" decoding=\"async\" class=\"aligncenter size-full wp-image-1457\" src=\"https:\/\/xenanghangbinhduong.com\/wp-content\/uploads\/2026\/03\/IMG_20260306_171033.jpg\" alt=\"XE N\u00c2NG M\u1ea0NH H\u00d9NG \u2013 CHUY\u00caN DI D\u1edcI M\u00c1Y M\u00d3C, L\u1eaeP \u0110\u1eb6T THI\u1ebeT B\u1eca T\u1ea0I B\u00ccNH D\u01af\u01a0NG, TP.HCM \ud83d\udccd D\u1ecbch v\u1ee5 di d\u1eddi m\u00e1y m\u00f3c uy t\u00edn t\u1ea1i B\u00ecnh D\u01b0\u01a1ng \u2013 TP.HCM B\u1ea1n \u0111ang c\u1ea7n t\u00ecm \u0111\u01a1n v\u1ecb di d\u1eddi m\u00e1y m\u00f3c t\u1ea1i B\u00ecnh D\u01b0\u01a1ng, TP.HCM nhanh ch\u00f3ng, an to\u00e0n v\u00e0 gi\u00e1 t\u1ed1t? Xe N\u00e2ng M\u1ea1nh H\u00f9ng chuy\u00ean cung c\u1ea5p d\u1ecbch v\u1ee5 di chuy\u1ec3n \u2013 l\u1eafp \u0111\u1eb7t \u2013 n\u00e2ng h\u1ea1 m\u00e1y m\u00f3c c\u00f4ng nghi\u1ec7p cho nh\u00e0 x\u01b0\u1edfng, c\u00f4ng ty, khu c\u00f4ng nghi\u1ec7p. \ud83d\udc49 V\u1edbi kinh nghi\u1ec7m th\u1ef1c t\u1ebf nhi\u1ec1u n\u0103m, ch\u00fang t\u00f4i cam k\u1ebft mang \u0111\u1ebfn gi\u1ea3i ph\u00e1p an to\u00e0n \u2013 ch\u00ednh x\u00e1c \u2013 ti\u1ebft ki\u1ec7m chi ph\u00ed cho m\u1ecdi c\u00f4ng tr\u00ecnh. \ud83d\udcde Hotline: 0937691063 \ud83d\udd27 D\u1ecbch v\u1ee5 ch\u00ednh c\u1ee7a Xe N\u00e2ng M\u1ea1nh H\u00f9ng \u2714\ufe0f Di d\u1eddi m\u00e1y m\u00f3c c\u00f4ng nghi\u1ec7p Di chuy\u1ec3n m\u00e1y CNC, m\u00e1y \u00e9p, m\u00e1y s\u1ea3n xu\u1ea5t Di d\u1eddi d\u00e2y chuy\u1ec1n s\u1ea3n xu\u1ea5t N\u00e2ng h\u1ea1 thi\u1ebft b\u1ecb n\u1eb7ng, c\u1ed3ng k\u1ec1nh \u2714\ufe0f L\u1eafp \u0111\u1eb7t m\u00e1y m\u00f3c \u2013 thi\u1ebft b\u1ecb L\u1eafp \u0111\u1eb7t m\u00e1y trong nh\u00e0 x\u01b0\u1edfng C\u0103n ch\u1ec9nh, \u0111\u01b0a m\u00e1y v\u00e0o v\u1ecb tr\u00ed ch\u00ednh x\u00e1c H\u1ed7 tr\u1ee3 setup ban \u0111\u1ea7u \u2714\ufe0f Cho thu\u00ea xe n\u00e2ng \u2013 xe c\u1ea9u Xe n\u00e2ng t\u1eeb 1 \u2013 20 t\u1ea5n Xe n\u00e2ng d\u1ea7u, xe n\u00e2ng \u0111i\u1ec7n Xe c\u1ea9u h\u1ed7 tr\u1ee3 c\u00f4ng tr\u00ecnh l\u1edbn \u26a1 L\u00fd do ch\u1ecdn Xe N\u00e2ng M\u1ea1nh H\u00f9ng \u2705 \u0110\u1ed9i xe \u0111a d\u1ea1ng \u2013 \u0111\u00e1p \u1ee9ng m\u1ecdi t\u1ea3i tr\u1ecdng \u2705 T\u00e0i x\u1ebf &amp; k\u1ef9 thu\u1eadt vi\u00ean nhi\u1ec1u kinh nghi\u1ec7m \u2705 L\u00e0m vi\u1ec7c nhanh ch\u00f3ng \u2013 \u0111\u00fang ti\u1ebfn \u0111\u1ed9 \u2705 \u0110\u1ea3m b\u1ea3o an to\u00e0n tuy\u1ec7t \u0111\u1ed1i cho m\u00e1y m\u00f3c \u2705 Nh\u1eadn c\u00f4ng tr\u00ecnh 24\/7 \u2013 k\u1ec3 c\u1ea3 ng\u00e0y l\u1ec5 \ud83d\udc49 Lu\u00f4n c\u00f3 m\u1eb7t nhanh t\u1ea1i c\u00f4ng tr\u00ecnh khi kh\u00e1ch c\u1ea7n \ud83d\udcb0 Gi\u00e1 di d\u1eddi m\u00e1y m\u00f3c, l\u1eafp \u0111\u1eb7t thi\u1ebft b\u1ecb Chi ph\u00ed ph\u1ee5 thu\u1ed9c v\u00e0o: Tr\u1ecdng l\u01b0\u1ee3ng &amp; k\u00edch th\u01b0\u1edbc m\u00e1y \u0110\u1ecba h\u00ecnh thi c\u00f4ng Kho\u1ea3ng c\u00e1ch di chuy\u1ec3n \ud83d\udcb8 Cam k\u1ebft: \u2714\ufe0f B\u00e1o gi\u00e1 r\u00f5 r\u00e0ng \u2013 kh\u00f4ng ph\u00e1t sinh \u2714\ufe0f Gi\u00e1 c\u1ea1nh tranh th\u1ecb tr\u01b0\u1eddng \u2714\ufe0f \u01afu \u0111\u00e3i cho c\u00f4ng tr\u00ecnh l\u1edbn \ud83d\udcde Li\u00ean h\u1ec7 ngay: 0937691063 \u0111\u1ec3 \u0111\u01b0\u1ee3c t\u01b0 v\u1ea5n nhanh \ud83d\udccd Khu v\u1ef1c ph\u1ee5c v\u1ee5 \ud83d\ude9b Xe N\u00e2ng M\u1ea1nh H\u00f9ng nh\u1eadn thi c\u00f4ng t\u1ea1i: B\u00ecnh D\u01b0\u01a1ng (Thu\u1eadn An, D\u0129 An, Th\u1ee7 D\u1ea7u M\u1ed9t, B\u1ebfn C\u00e1t\u2026) Th\u00e0nh Ph\u1ed1 H\u1ed3 Ch\u00ed Minh (Qu\u1eadn 12, Th\u1ee7 \u0110\u1ee9c, H\u00f3c M\u00f4n\u2026) \u0110\u1ed3ng Nai v\u00e0 c\u00e1c t\u1ec9nh l\u00e2n c\u1eadn \ud83d\udc49 Nh\u1eadn c\u00f4ng tr\u00ecnh l\u1edbn nh\u1ecf \u2013 \u0111i t\u1ec9nh nhanh ch\u00f3ng \ud83d\udcc8 Quy tr\u00ecnh l\u00e0m vi\u1ec7c chuy\u00ean nghi\u1ec7p 1\ufe0f\u20e3 Kh\u1ea3o s\u00e1t c\u00f4ng tr\u00ecnh mi\u1ec5n ph\u00ed 2\ufe0f\u20e3 T\u01b0 v\u1ea5n ph\u01b0\u01a1ng \u00e1n n\u00e2ng h\u1ea1 an to\u00e0n 3\ufe0f\u20e3 B\u00e1o gi\u00e1 chi ti\u1ebft 4\ufe0f\u20e3 Tri\u1ec3n khai thi c\u00f4ng 5\ufe0f\u20e3 B\u00e0n giao \u2013 ki\u1ec3m tra ho\u00e0n t\u1ea5t \ud83d\udcde Li\u00ean h\u1ec7 d\u1ecbch v\u1ee5 di d\u1eddi m\u00e1y m\u00f3c ngay \ud83d\ude9b XE N\u00c2NG M\u1ea0NH H\u00d9NG \ud83d\udccd B\u00ecnh D\u01b0\u01a1ng \u2013 TP.HCM \ud83d\udcde Hotline: 0937691063 https:\/\/xenanghangbinhduong.com 42 \u0110\u1ea1i l\u1ed9 B\u00ecnh D\u01b0\u01a1ng, L\u00e1i Thi\u00eau, Thu\u1eadn An, Th\u00e0nh Ph\u1ed1 H\u1ed3 Ch\u00ed Minh \ud83d\udc49 G\u1ecdi ngay \u0111\u1ec3 \u0111\u01b0\u1ee3c t\u01b0 v\u1ea5n v\u00e0 \u0111i\u1ec1u xe nhanh nh\u1ea5t!\" width=\"1279\" height=\"2273\" srcset=\"https:\/\/xenanghangbinhduong.com\/wp-content\/uploads\/2026\/03\/IMG_20260306_171033.jpg 1279w, https:\/\/xenanghangbinhduong.com\/wp-content\/uploads\/2026\/03\/IMG_20260306_171033-768x1365.jpg 768w, https:\/\/xenanghangbinhduong.com\/wp-content\/uploads\/2026\/03\/IMG_20260306_171033-864x1536.jpg 864w, https:\/\/xenanghangbinhduong.com\/wp-content\/uploads\/2026\/03\/IMG_20260306_171033-1152x2048.jpg 1152w, https:\/\/xenanghangbinhduong.com\/wp-content\/uploads\/2026\/03\/IMG_20260306_171033-600x1066.jpg 600w\" sizes=\"auto, (max-width: 1279px) 100vw, 1279px\" \/><\/a>Anh\/ch\u1ecb \u0111ang chu\u1ea9n b\u1ecb\u00a0<strong data-start=\"4065\" data-end=\"4096\">di d\u1eddi kho x\u01b0\u1edfng B\u00ecnh D\u01b0\u01a1ng<\/strong>\u00a0v\u00e0 c\u1ea7n m\u1ed9t \u0111\u01a1n v\u1ecb c\u00f3 th\u1ec3 l\u00e0m tr\u1ecdn g\u00f3i t\u1eeb th\u00e1o d\u1ee1, b\u1ed1c x\u1ebfp, v\u1eadn chuy\u1ec3n \u0111\u1ebfn s\u1eafp x\u1ebfp l\u1ea1i kho?<br data-start=\"4187\" data-end=\"4190\" \/>Ch\u00fang t\u00f4i nh\u1eadn di d\u1eddi kho x\u01b0\u1edfng cho doanh nghi\u1ec7p, nh\u00e0 m\u00e1y, kho h\u00e0ng t\u1ea1i B\u00ecnh D\u01b0\u01a1ng v\u1edbi ti\u00eau ch\u00ed:\u00a0<strong data-start=\"4287\" data-end=\"4324\">nhanh \u2013 g\u1ecdn \u2013 an to\u00e0n \u2013 ti\u1ebft ki\u1ec7m<\/strong>.<\/p>\n","protected":false},"featured_media":975,"comment_status":"open","ping_status":"closed","template":"","meta":[],"product_brand":[128,129,127],"product_cat":[85,140,130,131,116,180,115,117,84,15],"product_tag":[193,194,190,136,188,187,189,192,191],"class_list":{"0":"post-1171","1":"product","2":"type-product","3":"status-publish","4":"has-post-thumbnail","6":"product_brand-cho-thue-xe-cau","7":"product_brand-cho-thue-xe-nang","8":"product_brand-di-doi-may-moc","9":"product_cat-dong-goi","10":"product_cat-cho-thue-xe-cau-binh-duong","11":"product_cat-cho-thue-xe-nang-binh-duong","12":"product_cat-cho-thue-xe-nang-thu-duc","13":"product_cat-di-doi-kho-xuong","14":"product_cat-di-doi-lap-dat-may-moc-binh-duong","15":"product_cat-di-doi-may-moc","16":"product_cat-van-chuyen-may-moc-cong-nghiep-nang","17":"product_cat-xe-cau","18":"product_cat-xe-nang","19":"product_tag-doi-kho-xuong-binh-duong","20":"product_tag-doi-may-moc-binh-duong","21":"product_tag-don-kho-xuong-binh-duong","22":"product_tag-di-doi-kho-xuong-binh-duong","23":"product_tag-di-doi-kho-xuong-gia-re","24":"product_tag-di-doi-nha-xuong-binh-duong","25":"product_tag-di-doi-nha-xuong-gia-re","26":"product_tag-van-chuyen-may-moc-nha-xuong-binh-duong","27":"product_tag-van-chuyen-nha-xuong-binh-duong","29":"first","30":"instock","31":"shipping-taxable","32":"product-type-simple"},"_links":{"self":[{"href":"https:\/\/xenanghangbinhduong.com\/index.php?rest_route=\/wp\/v2\/product\/1171","targetHints":{"allow":["GET"]}}],"collection":[{"href":"https:\/\/xenanghangbinhduong.com\/index.php?rest_route=\/wp\/v2\/product"}],"about":[{"href":"https:\/\/xenanghangbinhduong.com\/index.php?rest_route=\/wp\/v2\/types\/product"}],"replies":[{"embeddable":true,"href":"https:\/\/xenanghangbinhduong.com\/index.php?rest_route=%2Fwp%2Fv2%2Fcomments&post=1171"}],"wp:featuredmedia":[{"embeddable":true,"href":"https:\/\/xenanghangbinhduong.com\/index.php?rest_route=\/wp\/v2\/media\/975"}],"wp:attachment":[{"href":"https:\/\/xenanghangbinhduong.com\/index.php?rest_route=%2Fwp%2Fv2%2Fmedia&parent=1171"}],"wp:term":[{"taxonomy":"product_brand","embeddable":true,"href":"https:\/\/xenanghangbinhduong.com\/index.php?rest_route=%2Fwp%2Fv2%2Fproduct_brand&post=1171"},{"taxonomy":"product_cat","embeddable":true,"href":"https:\/\/xenanghangbinhduong.com\/index.php?rest_route=%2Fwp%2Fv2%2Fproduct_cat&post=1171"},{"taxonomy":"product_tag","embeddable":true,"href":"https:\/\/xenanghangbinhduong.com\/index.php?rest_route=%2Fwp%2Fv2%2Fproduct_tag&post=1171"}],"curies":[{"name":"wp","href":"https:\/\/api.w.org\/{rel}","templated":true}]}}