{"id":1172,"date":"2026-01-29T15:22:40","date_gmt":"2026-01-29T08:22:40","guid":{"rendered":"https:\/\/xenanghangbinhduong.com\/?post_type=product&#038;p=1172"},"modified":"2026-03-30T13:42:56","modified_gmt":"2026-03-30T06:42:56","slug":"van-chuyen-may-moc-binh-duong","status":"publish","type":"product","link":"https:\/\/xenanghangbinhduong.com\/?product=van-chuyen-may-moc-binh-duong","title":{"rendered":"V\u1eadn chuy\u1ec3n m\u00e1y m\u00f3c B\u00ecnh D\u01b0\u01a1ng"},"content":{"rendered":"<h2 data-start=\"308\" data-end=\"385\">V\u1eadn chuy\u1ec3n m\u00e1y m\u00f3c B\u00ecnh D\u01b0\u01a1ng \u2013 An to\u00e0n, \u0111\u00fang ti\u1ebfn \u0111\u1ed9, gi\u00e1 h\u1ee3p l\u00fd<\/h2>\n<p data-start=\"386\" data-end=\"721\">Anh\/ch\u1ecb \u0111ang c\u1ea7n\u00a0<strong data-start=\"403\" data-end=\"436\">v\u1eadn chuy\u1ec3n m\u00e1y m\u00f3c B\u00ecnh D\u01b0\u01a1ng<\/strong>\u00a0nh\u01b0 m\u00e1y CNC, m\u00e1y \u00e9p, m\u00e1y c\u00f4ng nghi\u1ec7p n\u1eb7ng ho\u1eb7c thi\u1ebft b\u1ecb nh\u00e0 x\u01b0\u1edfng \u0111i n\u1ed9i t\u1ec9nh ho\u1eb7c \u0111i c\u00e1c khu v\u1ef1c l\u00e2n c\u1eadn?<br data-start=\"543\" data-end=\"546\" \/>Ch\u00fang t\u00f4i cung c\u1ea5p d\u1ecbch v\u1ee5 v\u1eadn chuy\u1ec3n m\u00e1y m\u00f3c chuy\u00ean nghi\u1ec7p, h\u1ed7 tr\u1ee3 t\u1eeb\u00a0<strong data-start=\"617\" data-end=\"663\">b\u1ed1c d\u1ee1 \u2013 n\u00e2ng h\u1ea1 \u2013 ch\u1eb1ng bu\u1ed9c \u2013 v\u1eadn chuy\u1ec3n<\/strong>, \u0111\u1ea3m b\u1ea3o\u00a0<strong data-start=\"673\" data-end=\"720\">an to\u00e0n \u2013 h\u1ea1n ch\u1ebf rung l\u1eafc \u2013 \u0111\u00fang th\u1eddi gian<\/strong>.<\/p>\n<p data-start=\"723\" data-end=\"931\">\ud83d\udcde\u00a0<strong data-start=\"726\" data-end=\"738\">Hotline:<\/strong>\u00a0<strong data-start=\"739\" data-end=\"755\">0937 691 063<\/strong><br data-start=\"755\" data-end=\"758\" \/>\ud83d\udcac\u00a0<strong data-start=\"761\" data-end=\"778\">Zalo b\u00e1o gi\u00e1:<\/strong>\u00a0<strong data-start=\"779\" data-end=\"795\">0937 691 063<\/strong><br data-start=\"795\" data-end=\"798\" \/>\ud83d\udce7\u00a0<strong data-start=\"801\" data-end=\"811\">Email:<\/strong>\u00a0<strong data-start=\"812\" data-end=\"845\"><a class=\"decorated-link cursor-pointer\" rel=\"noopener\" data-start=\"814\" data-end=\"843\">manhhung.transpoort@gmail.com<\/a><\/strong><br data-start=\"845\" data-end=\"848\" \/>\ud83d\udccd\u00a0<strong data-start=\"851\" data-end=\"863\">\u0110\u1ecba ch\u1ec9:<\/strong>\u00a0<strong data-start=\"864\" data-end=\"931\">42 \u0110\u1ea1i l\u1ed9 B\u00ecnh D\u01b0\u01a1ng, L\u00e1i Thi\u00eau, Thu\u1eadn An, B\u00ecnh D\u01b0\u01a1ng, Vi\u1ec7t Nam<\/strong><\/p>\n<figure id=\"attachment_1006\" class=\"wp-caption aligncenter\" aria-describedby=\"caption-attachment-1006\"><img loading=\"lazy\" decoding=\"async\" class=\"size-full wp-image-1006 lazy-load-active\" src=\"https:\/\/xenanghangbinhduong.com\/wp-content\/uploads\/2026\/01\/van-chuyen-may-moc-Binh-Duong.jpg\" sizes=\"auto, (max-width: 800px) 100vw, 800px\" srcset=\"https:\/\/xenanghangbinhduong.com\/wp-content\/uploads\/2026\/01\/van-chuyen-may-moc-Binh-Duong.jpg 800w, https:\/\/xenanghangbinhduong.com\/wp-content\/uploads\/2026\/01\/van-chuyen-may-moc-Binh-Duong-768x346.jpg 768w, https:\/\/xenanghangbinhduong.com\/wp-content\/uploads\/2026\/01\/van-chuyen-may-moc-Binh-Duong-600x270.jpg 600w\" alt=\"\" width=\"800\" height=\"360\" data-src=\"https:\/\/xenanghangbinhduong.com\/wp-content\/uploads\/2026\/01\/van-chuyen-may-moc-Binh-Duong.jpg\" data-srcset=\"https:\/\/xenanghangbinhduong.com\/wp-content\/uploads\/2026\/01\/van-chuyen-may-moc-Binh-Duong.jpg 800w, https:\/\/xenanghangbinhduong.com\/wp-content\/uploads\/2026\/01\/van-chuyen-may-moc-Binh-Duong-768x346.jpg 768w, https:\/\/xenanghangbinhduong.com\/wp-content\/uploads\/2026\/01\/van-chuyen-may-moc-Binh-Duong-600x270.jpg 600w\" \/><figcaption id=\"caption-attachment-1006\" class=\"wp-caption-text\">v\u1eadn chuy\u1ec3n m\u00e1y m\u00f3c B\u00ecnh D\u01b0\u01a1ng<\/figcaption><\/figure>\n<hr data-start=\"933\" data-end=\"936\" \/>\n<h2 data-start=\"938\" data-end=\"989\">1) Khi n\u00e0o c\u1ea7n v\u1eadn chuy\u1ec3n m\u00e1y m\u00f3c chuy\u00ean nghi\u1ec7p?<\/h2>\n<p data-start=\"990\" data-end=\"1069\">N\u1ebfu anh\/ch\u1ecb \u0111ang g\u1eb7p c\u00e1c t\u00ecnh hu\u1ed1ng sau, n\u00ean thu\u00ea \u0111\u1ed9i v\u1eadn chuy\u1ec3n chuy\u00ean nghi\u1ec7p:<\/p>\n<ul data-start=\"1070\" data-end=\"1314\">\n<li data-start=\"1070\" data-end=\"1115\">\n<p data-start=\"1072\" data-end=\"1115\">M\u00e1y n\u1eb7ng, c\u1ed3ng k\u1ec1nh,\u00a0<strong data-start=\"1093\" data-end=\"1115\">kh\u00f3 b\u1ed1c l\u00ean xe t\u1ea3i<\/strong><\/p>\n<\/li>\n<li data-start=\"1116\" data-end=\"1166\">\n<p data-start=\"1118\" data-end=\"1166\">M\u00e1y gi\u00e1 tr\u1ecb cao, c\u1ea7n v\u1eadn chuy\u1ec3n h\u1ea1n ch\u1ebf rung l\u1eafc<\/p>\n<\/li>\n<li data-start=\"1167\" data-end=\"1210\">\n<p data-start=\"1169\" data-end=\"1210\">C\u1ea7n chuy\u1ec3n m\u00e1y t\u1eeb x\u01b0\u1edfng c\u0169 sang x\u01b0\u1edfng m\u1edbi<\/p>\n<\/li>\n<li data-start=\"1211\" data-end=\"1267\">\n<p data-start=\"1213\" data-end=\"1267\">C\u1ea7n \u0111\u01b0a m\u00e1y v\u00e0o KCN ho\u1eb7c giao cho kh\u00e1ch h\u00e0ng \u0111\u00fang l\u1ecbch<\/p>\n<\/li>\n<li data-start=\"1268\" data-end=\"1314\">\n<p data-start=\"1270\" data-end=\"1314\">C\u1ea7n xe n\u00e2ng\/xe c\u1ea9u h\u1ed7 tr\u1ee3 \u0111\u1ec3 \u0111\u1ea3m b\u1ea3o an to\u00e0n<\/p>\n<\/li>\n<\/ul>\n<p data-start=\"1316\" data-end=\"1394\">\u2705\u00a0V\u1eadn chuy\u1ec3n \u0111\u00fang k\u1ef9 thu\u1eadt s\u1ebd gi\u00fap m\u00e1y kh\u00f4ng b\u1ecb l\u1ec7ch tr\u1ee5c, kh\u00f4ng h\u01b0 linh ki\u1ec7n.<\/p>\n<hr data-start=\"1396\" data-end=\"1399\" \/>\n<h2 data-start=\"1401\" data-end=\"1465\">2) D\u1ecbch v\u1ee5 v\u1eadn chuy\u1ec3n m\u00e1y m\u00f3c B\u00ecnh D\u01b0\u01a1ng c\u1ee7a ch\u00fang t\u00f4i c\u00f3 g\u00ec?<\/h2>\n<p data-start=\"1466\" data-end=\"1739\">Ch\u00fang t\u00f4i h\u1ed7 tr\u1ee3 tr\u1ecdn g\u00f3i:<br \/>\n\u2705\u00a0Nh\u1eadn v\u1eadn chuy\u1ec3n m\u00e1y n\u1ed9i t\u1ec9nh B\u00ecnh D\u01b0\u01a1ng &amp; \u0111i t\u1ec9nh<br data-start=\"1544\" data-end=\"1547\" \/>\u2705\u00a0H\u1ed7 tr\u1ee3\u00a0<strong data-start=\"1556\" data-end=\"1599\">b\u1ed1c d\u1ee1 \u2013 n\u00e2ng h\u1ea1 \u2013 ch\u1eb1ng bu\u1ed9c ch\u1eafc ch\u1eafn<\/strong><br data-start=\"1599\" data-end=\"1602\" \/>\u2705\u00a0C\u00f3 xe n\u00e2ng\/xe c\u1ea9u h\u1ed7 tr\u1ee3 theo t\u1eebng lo\u1ea1i m\u00e1y<br data-start=\"1647\" data-end=\"1650\" \/>\u2705\u00a0L\u00e0m vi\u1ec7c \u0111\u00fang gi\u1edd, \u01b0u ti\u00ean c\u00f4ng vi\u1ec7c g\u1ea5p<br data-start=\"1692\" data-end=\"1695\" \/>\u2705\u00a0B\u00e1o gi\u00e1 r\u00f5 r\u00e0ng, t\u1ed1i \u01b0u theo t\u1eebng \u0111\u01a1n h\u00e0ng<\/p>\n<p data-start=\"1741\" data-end=\"1823\">\ud83d\udccc\u00a0Anh\/ch\u1ecb g\u1eedi h\u00ecnh \u1ea3nh + tr\u1ecdng l\u01b0\u1ee3ng m\u00e1y \u2192 b\u00ean em t\u01b0 v\u1ea5n nhanh ph\u01b0\u01a1ng \u00e1n ph\u00f9 h\u1ee3p.<\/p>\n<hr data-start=\"1825\" data-end=\"1828\" \/>\n<h2 data-start=\"1830\" data-end=\"1870\">3) C\u00e1c lo\u1ea1i m\u00e1y m\u00f3c th\u01b0\u1eddng v\u1eadn chuy\u1ec3n<\/h2>\n<ul data-start=\"1871\" data-end=\"2013\">\n<li data-start=\"1871\" data-end=\"1907\">\n<p data-start=\"1873\" data-end=\"1907\">M\u00e1y CNC, m\u00e1y ti\u1ec7n, m\u00e1y d\u1eadp, m\u00e1y \u00e9p<\/p>\n<\/li>\n<li data-start=\"1908\" data-end=\"1938\">\n<p data-start=\"1910\" data-end=\"1938\">Thi\u1ebft b\u1ecb d\u00e2y chuy\u1ec1n s\u1ea3n xu\u1ea5t<\/p>\n<\/li>\n<li data-start=\"1939\" data-end=\"1971\">\n<p data-start=\"1941\" data-end=\"1971\">M\u00e1y \u0111\u00f3ng g\u00f3i, m\u00e1y in, m\u00e1y c\u1eaft\u2026<\/p>\n<\/li>\n<li data-start=\"1972\" data-end=\"2013\">\n<p data-start=\"1974\" data-end=\"2013\">Thi\u1ebft b\u1ecb c\u00f4ng tr\u00ecnh, thi\u1ebft b\u1ecb nh\u00e0 x\u01b0\u1edfng<\/p>\n<\/li>\n<\/ul>\n<p data-start=\"2015\" data-end=\"2073\">\u2705\u00a0Nh\u1eadn v\u1eadn chuy\u1ec3n m\u00e1y l\u1ebb ho\u1eb7c theo d\u1ef1 \u00e1n di d\u1eddi nh\u00e0 x\u01b0\u1edfng.<\/p>\n<hr data-start=\"2075\" data-end=\"2078\" \/>\n<h2 data-start=\"2080\" data-end=\"2123\">4) B\u00e1o gi\u00e1 v\u1eadn chuy\u1ec3n m\u00e1y m\u00f3c B\u00ecnh D\u01b0\u01a1ng<\/h2>\n<p data-start=\"2124\" data-end=\"2149\">Gi\u00e1 v\u1eadn chuy\u1ec3n ph\u1ee5 thu\u1ed9c:<\/p>\n<ul data-start=\"2150\" data-end=\"2329\">\n<li data-start=\"2150\" data-end=\"2180\">\n<p data-start=\"2152\" data-end=\"2180\">Tr\u1ecdng l\u01b0\u1ee3ng &amp; k\u00edch th\u01b0\u1edbc m\u00e1y<\/p>\n<\/li>\n<li data-start=\"2181\" data-end=\"2205\">\n<p data-start=\"2183\" data-end=\"2205\">Qu\u00e3ng \u0111\u01b0\u1eddng v\u1eadn chuy\u1ec3n<\/p>\n<\/li>\n<li data-start=\"2206\" data-end=\"2242\">\n<p data-start=\"2208\" data-end=\"2242\">C\u00f3 c\u1ea7n xe n\u00e2ng\/xe c\u1ea9u h\u1ed7 tr\u1ee3 kh\u00f4ng<\/p>\n<\/li>\n<li data-start=\"2243\" data-end=\"2287\">\n<p data-start=\"2245\" data-end=\"2287\">V\u1ecb tr\u00ed b\u1ed1c d\u1ee1 (d\u1ec5\/kh\u00f3, t\u1ea7ng cao, kho h\u1eb9p\u2026)<\/p>\n<\/li>\n<li data-start=\"2288\" data-end=\"2329\">\n<p data-start=\"2290\" data-end=\"2329\">C\u00f3 y\u00eau c\u1ea7u l\u00e0m g\u1ea5p ho\u1eb7c ngo\u00e0i gi\u1edd kh\u00f4ng<\/p>\n<\/li>\n<\/ul>\n<p data-start=\"2331\" data-end=\"2387\">\ud83d\udcac\u00a0<strong data-start=\"2334\" data-end=\"2355\">Zalo 0937 691 063<\/strong>\u00a0\u2192 b\u00e1o gi\u00e1 nhanh trong v\u00e0i ph\u00fat.<\/p>\n<hr data-start=\"2389\" data-end=\"2392\" \/>\n<h2 data-start=\"2394\" data-end=\"2436\">5) Quy tr\u00ecnh v\u1eadn chuy\u1ec3n m\u00e1y m\u00f3c an to\u00e0n<\/h2>\n<ol data-start=\"2437\" data-end=\"2664\">\n<li data-start=\"2437\" data-end=\"2496\">\n<p data-start=\"2440\" data-end=\"2496\">Ti\u1ebfp nh\u1eadn th\u00f4ng tin (m\u00e1y g\u00ec \u2013 n\u1eb7ng bao nhi\u00eau \u2013 \u0111i \u0111\u00e2u)<\/p>\n<\/li>\n<li data-start=\"2497\" data-end=\"2529\">\n<p data-start=\"2500\" data-end=\"2529\">T\u01b0 v\u1ea5n ph\u01b0\u01a1ng \u00e1n v\u1eadn chuy\u1ec3n<\/p>\n<\/li>\n<li data-start=\"2530\" data-end=\"2554\">\n<p data-start=\"2533\" data-end=\"2554\">B\u00e1o gi\u00e1 \u2013 ch\u1ed1t l\u1ecbch<\/p>\n<\/li>\n<li data-start=\"2555\" data-end=\"2589\">\n<p data-start=\"2558\" data-end=\"2589\">B\u1ed1c d\u1ee1 + ch\u1eb1ng bu\u1ed9c ch\u1eafc ch\u1eafn<\/p>\n<\/li>\n<li data-start=\"2590\" data-end=\"2627\">\n<p data-start=\"2593\" data-end=\"2627\">V\u1eadn chuy\u1ec3n \u0111\u00fang tuy\u1ebfn \u2013 \u0111\u00fang gi\u1edd<\/p>\n<\/li>\n<li data-start=\"2628\" data-end=\"2664\">\n<p data-start=\"2631\" data-end=\"2664\">Giao h\u00e0ng \u2013 nghi\u1ec7m thu \u2013 b\u00e0n giao<\/p>\n<\/li>\n<\/ol>\n<p data-start=\"2666\" data-end=\"2718\">\u2705\u00a0L\u00e0m nhanh, \u0111\u1ea3m b\u1ea3o an to\u00e0n tuy\u1ec7t \u0111\u1ed1i cho thi\u1ebft b\u1ecb.<\/p>\n<hr data-start=\"2720\" data-end=\"2723\" \/>\n<h2 data-start=\"2725\" data-end=\"2773\">6) Local B\u00ecnh D\u01b0\u01a1ng \u2013 Nh\u1eadn v\u1eadn chuy\u1ec3n t\u1eadn n\u01a1i<\/h2>\n<ul data-start=\"2774\" data-end=\"2898\">\n<li data-start=\"2774\" data-end=\"2810\">\n<p data-start=\"2776\" data-end=\"2810\"><strong data-start=\"2776\" data-end=\"2810\">Thu\u1eadn An \u2013 D\u0129 An \u2013 Th\u1ee7 D\u1ea7u M\u1ed9t<\/strong><\/p>\n<\/li>\n<li data-start=\"2811\" data-end=\"2846\">\n<p data-start=\"2813\" data-end=\"2846\"><strong data-start=\"2813\" data-end=\"2846\">T\u00e2n Uy\u00ean \u2013 B\u1ebfn C\u00e1t \u2013 B\u00e0u B\u00e0ng<\/strong><\/p>\n<\/li>\n<li data-start=\"2847\" data-end=\"2898\">\n<p data-start=\"2849\" data-end=\"2898\">KCN:\u00a0<strong data-start=\"2854\" data-end=\"2898\">VSIP, S\u00f3ng Th\u1ea7n, M\u1ef9 Ph\u01b0\u1edbc, Nam T\u00e2n Uy\u00ean\u2026<\/strong><\/p>\n<\/li>\n<\/ul>\n<hr data-start=\"2900\" data-end=\"2903\" \/>\n<h2 data-start=\"2905\" data-end=\"2935\">7) FAQ \u2013 C\u00e2u h\u1ecfi th\u01b0\u1eddng g\u1eb7p<\/h2>\n<h3 data-start=\"2936\" data-end=\"2991\">1) C\u00f3 nh\u1eadn v\u1eadn chuy\u1ec3n m\u00e1y m\u00f3c g\u1ea5p trong ng\u00e0y kh\u00f4ng?<\/h3>\n<p data-start=\"2992\" data-end=\"3052\">C\u00f3 (t\u00f9y l\u1ecbch xe). Anh\/ch\u1ecb g\u1ecdi\/Zalo \u0111\u1ec3 b\u00ean em s\u1eafp l\u1ecbch nhanh.<\/p>\n<h3 data-start=\"3054\" data-end=\"3101\">2) C\u00f3 h\u1ed7 tr\u1ee3 b\u1ed1c d\u1ee1 m\u00e1y l\u00ean xu\u1ed1ng xe kh\u00f4ng?<\/h3>\n<p data-start=\"3102\" data-end=\"3151\">C\u00f3. B\u00ean em h\u1ed7 tr\u1ee3\u00a0<strong data-start=\"3120\" data-end=\"3150\">xe n\u00e2ng\/xe c\u1ea9u + nh\u00e2n c\u00f4ng<\/strong>.<\/p>\n<h3 data-start=\"3153\" data-end=\"3192\">3) C\u00f3 v\u1eadn chuy\u1ec3n m\u00e1y \u0111i t\u1ec9nh kh\u00f4ng?<\/h3>\n<p data-start=\"3193\" data-end=\"3234\">C\u00f3. Nh\u1eadn \u0111i c\u00e1c t\u1ec9nh l\u00e2n c\u1eadn t\u00f9y nhu c\u1ea7u.<\/p>\n<hr data-start=\"3236\" data-end=\"3239\" \/>\n<h2 data-start=\"3241\" data-end=\"3289\">\u2705\u00a0CTA \u2013 Li\u00ean h\u1ec7 v\u1eadn chuy\u1ec3n m\u00e1y m\u00f3c B\u00ecnh D\u01b0\u01a1ng<\/h2>\n<p data-start=\"3290\" data-end=\"3498\">\ud83d\udcde\u00a0<strong data-start=\"3293\" data-end=\"3305\">Hotline:<\/strong>\u00a0<strong data-start=\"3306\" data-end=\"3322\">0937 691 063<\/strong><br data-start=\"3322\" data-end=\"3325\" \/>\ud83d\udcac\u00a0<strong data-start=\"3328\" data-end=\"3345\">Zalo b\u00e1o gi\u00e1:<\/strong>\u00a0<strong data-start=\"3346\" data-end=\"3362\">0937 691 063<\/strong><br data-start=\"3362\" data-end=\"3365\" \/>\ud83d\udce7\u00a0<strong data-start=\"3368\" data-end=\"3378\">Email:<\/strong>\u00a0<strong data-start=\"3379\" data-end=\"3412\"><a class=\"decorated-link cursor-pointer\" rel=\"noopener\" data-start=\"3381\" data-end=\"3410\">manhhung.transpoort@gmail.com<\/a><\/strong><br data-start=\"3412\" data-end=\"3415\" \/>\ud83d\udccd\u00a0<strong data-start=\"3418\" data-end=\"3430\">\u0110\u1ecba ch\u1ec9:<\/strong>\u00a0<strong data-start=\"3431\" data-end=\"3498\">42 \u0110\u1ea1i l\u1ed9 B\u00ecnh D\u01b0\u01a1ng, L\u00e1i Thi\u00eau, Thu\u1eadn An, B\u00ecnh D\u01b0\u01a1ng, Vi\u1ec7t Nam<\/strong><\/p>\n","protected":false},"excerpt":{"rendered":"<p><a href=\"https:\/\/xenanghangbinhduong.com\/?attachment_id=1457#main\" rel=\"attachment wp-att-1457\"><img loading=\"lazy\" decoding=\"async\" class=\"aligncenter size-full wp-image-1457\" src=\"https:\/\/xenanghangbinhduong.com\/wp-content\/uploads\/2026\/03\/IMG_20260306_171033.jpg\" alt=\"XE N\u00c2NG M\u1ea0NH H\u00d9NG \u2013 CHUY\u00caN DI D\u1edcI M\u00c1Y M\u00d3C, L\u1eaeP \u0110\u1eb6T THI\u1ebeT B\u1eca T\u1ea0I B\u00ccNH D\u01af\u01a0NG, TP.HCM \ud83d\udccd D\u1ecbch v\u1ee5 di d\u1eddi m\u00e1y m\u00f3c uy t\u00edn t\u1ea1i B\u00ecnh D\u01b0\u01a1ng \u2013 TP.HCM B\u1ea1n \u0111ang c\u1ea7n t\u00ecm \u0111\u01a1n v\u1ecb di d\u1eddi m\u00e1y m\u00f3c t\u1ea1i B\u00ecnh D\u01b0\u01a1ng, TP.HCM nhanh ch\u00f3ng, an to\u00e0n v\u00e0 gi\u00e1 t\u1ed1t? Xe N\u00e2ng M\u1ea1nh H\u00f9ng chuy\u00ean cung c\u1ea5p d\u1ecbch v\u1ee5 di chuy\u1ec3n \u2013 l\u1eafp \u0111\u1eb7t \u2013 n\u00e2ng h\u1ea1 m\u00e1y m\u00f3c c\u00f4ng nghi\u1ec7p cho nh\u00e0 x\u01b0\u1edfng, c\u00f4ng ty, khu c\u00f4ng nghi\u1ec7p. \ud83d\udc49 V\u1edbi kinh nghi\u1ec7m th\u1ef1c t\u1ebf nhi\u1ec1u n\u0103m, ch\u00fang t\u00f4i cam k\u1ebft mang \u0111\u1ebfn gi\u1ea3i ph\u00e1p an to\u00e0n \u2013 ch\u00ednh x\u00e1c \u2013 ti\u1ebft ki\u1ec7m chi ph\u00ed cho m\u1ecdi c\u00f4ng tr\u00ecnh. \ud83d\udcde Hotline: 0937691063 \ud83d\udd27 D\u1ecbch v\u1ee5 ch\u00ednh c\u1ee7a Xe N\u00e2ng M\u1ea1nh H\u00f9ng \u2714\ufe0f Di d\u1eddi m\u00e1y m\u00f3c c\u00f4ng nghi\u1ec7p Di chuy\u1ec3n m\u00e1y CNC, m\u00e1y \u00e9p, m\u00e1y s\u1ea3n xu\u1ea5t Di d\u1eddi d\u00e2y chuy\u1ec1n s\u1ea3n xu\u1ea5t N\u00e2ng h\u1ea1 thi\u1ebft b\u1ecb n\u1eb7ng, c\u1ed3ng k\u1ec1nh \u2714\ufe0f L\u1eafp \u0111\u1eb7t m\u00e1y m\u00f3c \u2013 thi\u1ebft b\u1ecb L\u1eafp \u0111\u1eb7t m\u00e1y trong nh\u00e0 x\u01b0\u1edfng C\u0103n ch\u1ec9nh, \u0111\u01b0a m\u00e1y v\u00e0o v\u1ecb tr\u00ed ch\u00ednh x\u00e1c H\u1ed7 tr\u1ee3 setup ban \u0111\u1ea7u \u2714\ufe0f Cho thu\u00ea xe n\u00e2ng \u2013 xe c\u1ea9u Xe n\u00e2ng t\u1eeb 1 \u2013 20 t\u1ea5n Xe n\u00e2ng d\u1ea7u, xe n\u00e2ng \u0111i\u1ec7n Xe c\u1ea9u h\u1ed7 tr\u1ee3 c\u00f4ng tr\u00ecnh l\u1edbn \u26a1 L\u00fd do ch\u1ecdn Xe N\u00e2ng M\u1ea1nh H\u00f9ng \u2705 \u0110\u1ed9i xe \u0111a d\u1ea1ng \u2013 \u0111\u00e1p \u1ee9ng m\u1ecdi t\u1ea3i tr\u1ecdng \u2705 T\u00e0i x\u1ebf &amp; k\u1ef9 thu\u1eadt vi\u00ean nhi\u1ec1u kinh nghi\u1ec7m \u2705 L\u00e0m vi\u1ec7c nhanh ch\u00f3ng \u2013 \u0111\u00fang ti\u1ebfn \u0111\u1ed9 \u2705 \u0110\u1ea3m b\u1ea3o an to\u00e0n tuy\u1ec7t \u0111\u1ed1i cho m\u00e1y m\u00f3c \u2705 Nh\u1eadn c\u00f4ng tr\u00ecnh 24\/7 \u2013 k\u1ec3 c\u1ea3 ng\u00e0y l\u1ec5 \ud83d\udc49 Lu\u00f4n c\u00f3 m\u1eb7t nhanh t\u1ea1i c\u00f4ng tr\u00ecnh khi kh\u00e1ch c\u1ea7n \ud83d\udcb0 Gi\u00e1 di d\u1eddi m\u00e1y m\u00f3c, l\u1eafp \u0111\u1eb7t thi\u1ebft b\u1ecb Chi ph\u00ed ph\u1ee5 thu\u1ed9c v\u00e0o: Tr\u1ecdng l\u01b0\u1ee3ng &amp; k\u00edch th\u01b0\u1edbc m\u00e1y \u0110\u1ecba h\u00ecnh thi c\u00f4ng Kho\u1ea3ng c\u00e1ch di chuy\u1ec3n \ud83d\udcb8 Cam k\u1ebft: \u2714\ufe0f B\u00e1o gi\u00e1 r\u00f5 r\u00e0ng \u2013 kh\u00f4ng ph\u00e1t sinh \u2714\ufe0f Gi\u00e1 c\u1ea1nh tranh th\u1ecb tr\u01b0\u1eddng \u2714\ufe0f \u01afu \u0111\u00e3i cho c\u00f4ng tr\u00ecnh l\u1edbn \ud83d\udcde Li\u00ean h\u1ec7 ngay: 0937691063 \u0111\u1ec3 \u0111\u01b0\u1ee3c t\u01b0 v\u1ea5n nhanh \ud83d\udccd Khu v\u1ef1c ph\u1ee5c v\u1ee5 \ud83d\ude9b Xe N\u00e2ng M\u1ea1nh H\u00f9ng nh\u1eadn thi c\u00f4ng t\u1ea1i: B\u00ecnh D\u01b0\u01a1ng (Thu\u1eadn An, D\u0129 An, Th\u1ee7 D\u1ea7u M\u1ed9t, B\u1ebfn C\u00e1t\u2026) Th\u00e0nh Ph\u1ed1 H\u1ed3 Ch\u00ed Minh (Qu\u1eadn 12, Th\u1ee7 \u0110\u1ee9c, H\u00f3c M\u00f4n\u2026) \u0110\u1ed3ng Nai v\u00e0 c\u00e1c t\u1ec9nh l\u00e2n c\u1eadn \ud83d\udc49 Nh\u1eadn c\u00f4ng tr\u00ecnh l\u1edbn nh\u1ecf \u2013 \u0111i t\u1ec9nh nhanh ch\u00f3ng \ud83d\udcc8 Quy tr\u00ecnh l\u00e0m vi\u1ec7c chuy\u00ean nghi\u1ec7p 1\ufe0f\u20e3 Kh\u1ea3o s\u00e1t c\u00f4ng tr\u00ecnh mi\u1ec5n ph\u00ed 2\ufe0f\u20e3 T\u01b0 v\u1ea5n ph\u01b0\u01a1ng \u00e1n n\u00e2ng h\u1ea1 an to\u00e0n 3\ufe0f\u20e3 B\u00e1o gi\u00e1 chi ti\u1ebft 4\ufe0f\u20e3 Tri\u1ec3n khai thi c\u00f4ng 5\ufe0f\u20e3 B\u00e0n giao \u2013 ki\u1ec3m tra ho\u00e0n t\u1ea5t \ud83d\udcde Li\u00ean h\u1ec7 d\u1ecbch v\u1ee5 di d\u1eddi m\u00e1y m\u00f3c ngay \ud83d\ude9b XE N\u00c2NG M\u1ea0NH H\u00d9NG \ud83d\udccd B\u00ecnh D\u01b0\u01a1ng \u2013 TP.HCM \ud83d\udcde Hotline: 0937691063 https:\/\/xenanghangbinhduong.com 42 \u0110\u1ea1i l\u1ed9 B\u00ecnh D\u01b0\u01a1ng, L\u00e1i Thi\u00eau, Thu\u1eadn An, Th\u00e0nh Ph\u1ed1 H\u1ed3 Ch\u00ed Minh \ud83d\udc49 G\u1ecdi ngay \u0111\u1ec3 \u0111\u01b0\u1ee3c t\u01b0 v\u1ea5n v\u00e0 \u0111i\u1ec1u xe nhanh nh\u1ea5t!\" width=\"1279\" height=\"2273\" srcset=\"https:\/\/xenanghangbinhduong.com\/wp-content\/uploads\/2026\/03\/IMG_20260306_171033.jpg 1279w, https:\/\/xenanghangbinhduong.com\/wp-content\/uploads\/2026\/03\/IMG_20260306_171033-768x1365.jpg 768w, https:\/\/xenanghangbinhduong.com\/wp-content\/uploads\/2026\/03\/IMG_20260306_171033-864x1536.jpg 864w, https:\/\/xenanghangbinhduong.com\/wp-content\/uploads\/2026\/03\/IMG_20260306_171033-1152x2048.jpg 1152w, https:\/\/xenanghangbinhduong.com\/wp-content\/uploads\/2026\/03\/IMG_20260306_171033-600x1066.jpg 600w\" sizes=\"auto, (max-width: 1279px) 100vw, 1279px\" \/><\/a><\/p>\n","protected":false},"featured_media":1005,"comment_status":"open","ping_status":"closed","template":"","meta":[],"product_brand":[128,129,127],"product_cat":[85,140,130,131,116,180,115,117,84,15],"product_tag":[137],"class_list":{"0":"post-1172","1":"product","2":"type-product","3":"status-publish","4":"has-post-thumbnail","6":"product_brand-cho-thue-xe-cau","7":"product_brand-cho-thue-xe-nang","8":"product_brand-di-doi-may-moc","9":"product_cat-dong-goi","10":"product_cat-cho-thue-xe-cau-binh-duong","11":"product_cat-cho-thue-xe-nang-binh-duong","12":"product_cat-cho-thue-xe-nang-thu-duc","13":"product_cat-di-doi-kho-xuong","14":"product_cat-di-doi-lap-dat-may-moc-binh-duong","15":"product_cat-di-doi-may-moc","16":"product_cat-van-chuyen-may-moc-cong-nghiep-nang","17":"product_cat-xe-cau","18":"product_cat-xe-nang","19":"product_tag-van-chuyen-may-moc-binh-duong","21":"first","22":"instock","23":"shipping-taxable","24":"product-type-simple"},"_links":{"self":[{"href":"https:\/\/xenanghangbinhduong.com\/index.php?rest_route=\/wp\/v2\/product\/1172","targetHints":{"allow":["GET"]}}],"collection":[{"href":"https:\/\/xenanghangbinhduong.com\/index.php?rest_route=\/wp\/v2\/product"}],"about":[{"href":"https:\/\/xenanghangbinhduong.com\/index.php?rest_route=\/wp\/v2\/types\/product"}],"replies":[{"embeddable":true,"href":"https:\/\/xenanghangbinhduong.com\/index.php?rest_route=%2Fwp%2Fv2%2Fcomments&post=1172"}],"wp:featuredmedia":[{"embeddable":true,"href":"https:\/\/xenanghangbinhduong.com\/index.php?rest_route=\/wp\/v2\/media\/1005"}],"wp:attachment":[{"href":"https:\/\/xenanghangbinhduong.com\/index.php?rest_route=%2Fwp%2Fv2%2Fmedia&parent=1172"}],"wp:term":[{"taxonomy":"product_brand","embeddable":true,"href":"https:\/\/xenanghangbinhduong.com\/index.php?rest_route=%2Fwp%2Fv2%2Fproduct_brand&post=1172"},{"taxonomy":"product_cat","embeddable":true,"href":"https:\/\/xenanghangbinhduong.com\/index.php?rest_route=%2Fwp%2Fv2%2Fproduct_cat&post=1172"},{"taxonomy":"product_tag","embeddable":true,"href":"https:\/\/xenanghangbinhduong.com\/index.php?rest_route=%2Fwp%2Fv2%2Fproduct_tag&post=1172"}],"curies":[{"name":"wp","href":"https:\/\/api.w.org\/{rel}","templated":true}]}}