{"id":1173,"date":"2026-01-29T15:25:07","date_gmt":"2026-01-29T08:25:07","guid":{"rendered":"https:\/\/xenanghangbinhduong.com\/?post_type=product&#038;p=1173"},"modified":"2026-01-29T15:25:07","modified_gmt":"2026-01-29T08:25:07","slug":"dong-goi-hang-hoa-binh-duong","status":"publish","type":"product","link":"https:\/\/xenanghangbinhduong.com\/?product=dong-goi-hang-hoa-binh-duong","title":{"rendered":"\u0110\u00f3ng g\u00f3i h\u00e0ng h\u00f3a B\u00ecnh D\u01b0\u01a1ng"},"content":{"rendered":"<h2 data-start=\"288\" data-end=\"365\">\u0110\u00f3ng g\u00f3i h\u00e0ng h\u00f3a B\u00ecnh D\u01b0\u01a1ng \u2013 An to\u00e0n, ch\u1eafc ch\u1eafn, h\u1ed7 tr\u1ee3 t\u1eadn n\u01a1i<\/h2>\n<p data-start=\"366\" data-end=\"663\">Anh\/ch\u1ecb \u0111ang c\u1ea7n\u00a0<strong data-start=\"383\" data-end=\"415\">\u0111\u00f3ng g\u00f3i h\u00e0ng h\u00f3a B\u00ecnh D\u01b0\u01a1ng<\/strong>\u00a0\u0111\u1ec3 v\u1eadn chuy\u1ec3n n\u1ed9i t\u1ec9nh, \u0111i t\u1ec9nh ho\u1eb7c g\u1eedi h\u00e0ng xa an to\u00e0n?<br data-start=\"473\" data-end=\"476\" \/>Ch\u00fang t\u00f4i cung c\u1ea5p d\u1ecbch v\u1ee5 \u0111\u00f3ng g\u00f3i chuy\u00ean nghi\u1ec7p, gi\u00fap h\u00e0ng h\u00f3a\u00a0<strong data-start=\"541\" data-end=\"594\">ch\u1ed1ng s\u1ed1c \u2013 h\u1ea1n ch\u1ebf tr\u1ea7y x\u01b0\u1edbc \u2013 c\u1ed1 \u0111\u1ecbnh ch\u1eafc ch\u1eafn<\/strong>, ph\u00f9 h\u1ee3p cho doanh nghi\u1ec7p kho x\u01b0\u1edfng, nh\u00e0 m\u00e1y, v\u00e0 kh\u00e1ch h\u00e0ng c\u00e1 nh\u00e2n.<\/p>\n<p data-start=\"665\" data-end=\"873\">\ud83d\udcde\u00a0<strong data-start=\"668\" data-end=\"680\">Hotline:<\/strong>\u00a0<strong data-start=\"681\" data-end=\"697\">0937 691 063<\/strong><br data-start=\"697\" data-end=\"700\" \/>\ud83d\udcac\u00a0<strong data-start=\"703\" data-end=\"720\">Zalo b\u00e1o gi\u00e1:<\/strong>\u00a0<strong data-start=\"721\" data-end=\"737\">0937 691 063<\/strong><br data-start=\"737\" data-end=\"740\" \/>\ud83d\udce7\u00a0<strong data-start=\"743\" data-end=\"753\">Email:<\/strong>\u00a0<strong data-start=\"754\" data-end=\"787\"><a class=\"decorated-link cursor-pointer\" rel=\"noopener\" data-start=\"756\" data-end=\"785\">manhhung.transpoort@gmail.com<\/a><\/strong><br data-start=\"787\" data-end=\"790\" \/>\ud83d\udccd\u00a0<strong data-start=\"793\" data-end=\"805\">\u0110\u1ecba ch\u1ec9:<\/strong>\u00a0<strong data-start=\"806\" data-end=\"873\">42 \u0110\u1ea1i l\u1ed9 B\u00ecnh D\u01b0\u01a1ng, L\u00e1i Thi\u00eau, Thu\u1eadn An, B\u00ecnh D\u01b0\u01a1ng, Vi\u1ec7t Nam<\/strong><\/p>\n<hr data-start=\"875\" data-end=\"878\" \/>\n<h2 data-start=\"880\" data-end=\"930\">1) Khi n\u00e0o n\u00ean \u0111\u00f3ng g\u00f3i h\u00e0ng h\u00f3a chuy\u00ean nghi\u1ec7p?<\/h2>\n<p data-start=\"931\" data-end=\"970\">Anh\/ch\u1ecb n\u00ean \u0111\u00f3ng g\u00f3i chuy\u00ean nghi\u1ec7p khi:<\/p>\n<ul data-start=\"971\" data-end=\"1198\">\n<li data-start=\"971\" data-end=\"1037\">\n<p data-start=\"973\" data-end=\"1037\">H\u00e0ng d\u1ec5 v\u1ee1, d\u1ec5 tr\u1ea7y x\u01b0\u1edbc (thi\u1ebft b\u1ecb, h\u00e0ng \u0111i\u1ec7n t\u1eed, h\u00e0ng s\u01a1n ph\u1ee7\u2026)<\/p>\n<\/li>\n<li data-start=\"1038\" data-end=\"1074\">\n<p data-start=\"1040\" data-end=\"1074\">H\u00e0ng c\u00f3 gi\u00e1 tr\u1ecb cao c\u1ea7n b\u1ea3o v\u1ec7 t\u1ed1t<\/p>\n<\/li>\n<li data-start=\"1075\" data-end=\"1112\">\n<p data-start=\"1077\" data-end=\"1112\">H\u00e0ng v\u1eadn chuy\u1ec3n xa, qua nhi\u1ec1u ch\u1eb7ng<\/p>\n<\/li>\n<li data-start=\"1113\" data-end=\"1149\">\n<p data-start=\"1115\" data-end=\"1149\">H\u00e0ng c\u1ed3ng k\u1ec1nh kh\u00f3 c\u1ed1 \u0111\u1ecbnh tr\u00ean xe<\/p>\n<\/li>\n<li data-start=\"1150\" data-end=\"1198\">\n<p data-start=\"1152\" data-end=\"1198\">C\u1ea7n gi\u1ea3m r\u1ee7i ro h\u01b0 h\u1ecfng trong qu\u00e1 tr\u00ecnh b\u1ed1c d\u1ee1<\/p>\n<\/li>\n<\/ul>\n<p data-start=\"1200\" data-end=\"1276\">\u2705\u00a0\u0110\u00f3ng g\u00f3i \u0111\u00fang chu\u1ea9n gi\u00fap h\u1ea1n ch\u1ebf r\u1ee7i ro, tr\u00e1nh m\u1ea5t chi ph\u00ed \u0111\u1ec1n b\u00f9\/h\u01b0 h\u1ecfng.<\/p>\n<hr data-start=\"1278\" data-end=\"1281\" \/>\n<h2 data-start=\"1283\" data-end=\"1339\">2) D\u1ecbch v\u1ee5 \u0111\u00f3ng g\u00f3i h\u00e0ng h\u00f3a B\u00ecnh D\u01b0\u01a1ng g\u1ed3m nh\u1eefng g\u00ec?<\/h2>\n<p data-start=\"1340\" data-end=\"1586\">T\u00f9y lo\u1ea1i h\u00e0ng, ch\u00fang t\u00f4i h\u1ed7 tr\u1ee3:<br \/>\n\u2705\u00a0\u0110\u00f3ng g\u00f3i ch\u1ed1ng s\u1ed1c (x\u1ed1p, m\u00e0ng PE, v\u1eadt li\u1ec7u b\u1ea3o v\u1ec7)<br data-start=\"1425\" data-end=\"1428\" \/>\u2705\u00a0Qu\u1ea5n m\u00e0ng, c\u1ed1 \u0111\u1ecbnh ch\u1eafc ch\u1eafn<br data-start=\"1458\" data-end=\"1461\" \/>\u2705\u00a0\u0110\u00f3ng ki\u1ec7n g\u1ed7 \/ \u0111\u00f3ng th\u00f9ng g\u1ed7 theo y\u00eau c\u1ea7u<br data-start=\"1504\" data-end=\"1507\" \/>\u2705\u00a0\u0110\u00f3ng g\u00f3i t\u1eadn n\u01a1i t\u1ea1i kho\/x\u01b0\u1edfng<br data-start=\"1539\" data-end=\"1542\" \/>\u2705\u00a0H\u1ed7 tr\u1ee3 b\u1ed1c d\u1ee1 \u2013 v\u1eadn chuy\u1ec3n (n\u1ebfu kh\u00e1ch c\u1ea7n)<\/p>\n<p data-start=\"1588\" data-end=\"1669\">\ud83d\udccc\u00a0Anh\/ch\u1ecb g\u1eedi h\u00ecnh \u1ea3nh h\u00e0ng h\u00f3a \u2192 b\u00ean em t\u01b0 v\u1ea5n ph\u01b0\u01a1ng \u00e1n \u0111\u00f3ng g\u00f3i ph\u00f9 h\u1ee3p nh\u1ea5t.<\/p>\n<hr data-start=\"1671\" data-end=\"1674\" \/>\n<h2 data-start=\"1676\" data-end=\"1740\">3) \u01afu \u0111i\u1ec3m khi \u0111\u00f3ng g\u00f3i h\u00e0ng h\u00f3a t\u1ea1i B\u00ecnh D\u01b0\u01a1ng v\u1edbi ch\u00fang t\u00f4i<\/h2>\n<ul data-start=\"1741\" data-end=\"1916\">\n<li data-start=\"1741\" data-end=\"1767\">\n<p data-start=\"1743\" data-end=\"1767\">L\u00e0m nhanh \u2013 \u0111\u00fang ti\u1ebfn \u0111\u1ed9<\/p>\n<\/li>\n<li data-start=\"1768\" data-end=\"1812\">\n<p data-start=\"1770\" data-end=\"1812\">\u0110\u00f3ng ch\u1eafc ch\u1eafn, \u0111\u1ea3m b\u1ea3o v\u1eadn chuy\u1ec3n an to\u00e0n<\/p>\n<\/li>\n<li data-start=\"1813\" data-end=\"1852\">\n<p data-start=\"1815\" data-end=\"1852\">T\u1ed1i \u01b0u v\u1eadt t\u01b0 ph\u00f9 h\u1ee3p, tr\u00e1nh l\u00e3ng ph\u00ed<\/p>\n<\/li>\n<li data-start=\"1853\" data-end=\"1884\">\n<p data-start=\"1855\" data-end=\"1884\">H\u1ed7 tr\u1ee3 t\u1eadn n\u01a1i t\u1ea1i B\u00ecnh D\u01b0\u01a1ng<\/p>\n<\/li>\n<li data-start=\"1885\" data-end=\"1916\">\n<p data-start=\"1887\" data-end=\"1916\">B\u00e1o gi\u00e1 r\u00f5 r\u00e0ng tr\u01b0\u1edbc khi l\u00e0m<\/p>\n<\/li>\n<\/ul>\n<p data-start=\"1918\" data-end=\"1982\">\ud83d\udcde\u00a0<strong data-start=\"1921\" data-end=\"1933\">Hotline:<\/strong>\u00a0<strong data-start=\"1934\" data-end=\"1950\">0937 691 063<\/strong><br data-start=\"1950\" data-end=\"1953\" \/>\ud83d\udcac\u00a0<strong data-start=\"1956\" data-end=\"1965\">Zalo:<\/strong>\u00a0<strong data-start=\"1966\" data-end=\"1982\">0937 691 063<\/strong><\/p>\n<hr data-start=\"1984\" data-end=\"1987\" \/>\n<h2 data-start=\"1989\" data-end=\"2045\">4) B\u00e1o gi\u00e1 \u0111\u00f3ng g\u00f3i h\u00e0ng h\u00f3a B\u00ecnh D\u01b0\u01a1ng ph\u1ee5 thu\u1ed9c g\u00ec?<\/h2>\n<p data-start=\"2046\" data-end=\"2073\">Chi ph\u00ed \u0111\u00f3ng g\u00f3i ph\u1ee5 thu\u1ed9c:<\/p>\n<ul data-start=\"2074\" data-end=\"2285\">\n<li data-start=\"2074\" data-end=\"2105\">\n<p data-start=\"2076\" data-end=\"2105\">K\u00edch th\u01b0\u1edbc h\u00e0ng h\u00f3a (nh\u1ecf\/l\u1edbn)<\/p>\n<\/li>\n<li data-start=\"2106\" data-end=\"2147\">\n<p data-start=\"2108\" data-end=\"2147\">M\u1ee9c \u0111\u1ed9 c\u1ea7n b\u1ea3o v\u1ec7 (d\u1ec5 v\u1ee1, gi\u00e1 tr\u1ecb cao\u2026)<\/p>\n<\/li>\n<li data-start=\"2148\" data-end=\"2204\">\n<p data-start=\"2150\" data-end=\"2204\">Lo\u1ea1i v\u1eadt t\u01b0 s\u1eed d\u1ee5ng (m\u00e0ng PE, x\u1ed1p, ki\u1ec7n g\u1ed7, th\u00f9ng g\u1ed7\u2026)<\/p>\n<\/li>\n<li data-start=\"2205\" data-end=\"2256\">\n<p data-start=\"2207\" data-end=\"2256\">\u0110\u00f3ng g\u00f3i t\u1ea1i x\u01b0\u1edfng hay di chuy\u1ec3n \u0111\u1ebfn n\u01a1i \u0111\u00f3ng g\u00f3i<\/p>\n<\/li>\n<li data-start=\"2257\" data-end=\"2285\">\n<p data-start=\"2259\" data-end=\"2285\">S\u1ed1 l\u01b0\u1ee3ng h\u00e0ng h\u00f3a c\u1ea7n \u0111\u00f3ng<\/p>\n<\/li>\n<\/ul>\n<p data-start=\"2287\" data-end=\"2338\">\ud83d\udcac\u00a0G\u1eedi Zalo\u00a0<strong data-start=\"2299\" data-end=\"2315\">0937 691 063<\/strong>\u00a0\u0111\u1ec3 nh\u1eadn b\u00e1o gi\u00e1 nhanh.<\/p>\n<hr data-start=\"2340\" data-end=\"2343\" \/>\n<h2 data-start=\"2345\" data-end=\"2392\">5) Quy tr\u00ecnh \u0111\u00f3ng g\u00f3i h\u00e0ng h\u00f3a chuy\u00ean nghi\u1ec7p<\/h2>\n<ol data-start=\"2393\" data-end=\"2583\">\n<li data-start=\"2393\" data-end=\"2426\">\n<p data-start=\"2396\" data-end=\"2426\">Ti\u1ebfp nh\u1eadn th\u00f4ng tin h\u00e0ng h\u00f3a<\/p>\n<\/li>\n<li data-start=\"2427\" data-end=\"2465\">\n<p data-start=\"2430\" data-end=\"2465\">T\u01b0 v\u1ea5n ph\u01b0\u01a1ng \u00e1n \u0111\u00f3ng g\u00f3i ph\u00f9 h\u1ee3p<\/p>\n<\/li>\n<li data-start=\"2466\" data-end=\"2505\">\n<p data-start=\"2469\" data-end=\"2505\">B\u00e1o gi\u00e1 \u2013 ch\u1ed1t th\u1eddi gian th\u1ef1c hi\u1ec7n<\/p>\n<\/li>\n<li data-start=\"2506\" data-end=\"2543\">\n<p data-start=\"2509\" data-end=\"2543\">\u0110\u00f3ng g\u00f3i \u2013 ki\u1ec3m tra \u0111\u1ed9 ch\u1eafc ch\u1eafn<\/p>\n<\/li>\n<li data-start=\"2544\" data-end=\"2583\">\n<p data-start=\"2547\" data-end=\"2583\">B\u00e0n giao \/ h\u1ed7 tr\u1ee3 v\u1eadn chuy\u1ec3n n\u1ebfu c\u1ea7n<\/p>\n<\/li>\n<\/ol>\n<p data-start=\"2585\" data-end=\"2617\">\u2705\u00a0L\u00e0m g\u1ecdn \u2013 ch\u1eafc ch\u1eafn \u2013 an to\u00e0n.<\/p>\n<hr data-start=\"2619\" data-end=\"2622\" \/>\n<h2 data-start=\"2624\" data-end=\"2670\">6) Local B\u00ecnh D\u01b0\u01a1ng \u2013 Nh\u1eadn \u0111\u00f3ng g\u00f3i t\u1eadn n\u01a1i<\/h2>\n<ul data-start=\"2671\" data-end=\"2815\">\n<li data-start=\"2671\" data-end=\"2697\">\n<p data-start=\"2673\" data-end=\"2697\"><strong data-start=\"2673\" data-end=\"2697\">Thu\u1eadn An \u2013 L\u00e1i Thi\u00eau<\/strong><\/p>\n<\/li>\n<li data-start=\"2698\" data-end=\"2709\">\n<p data-start=\"2700\" data-end=\"2709\"><strong data-start=\"2700\" data-end=\"2709\">D\u0129 An<\/strong><\/p>\n<\/li>\n<li data-start=\"2710\" data-end=\"2727\">\n<p data-start=\"2712\" data-end=\"2727\"><strong data-start=\"2712\" data-end=\"2727\">Th\u1ee7 D\u1ea7u M\u1ed9t<\/strong><\/p>\n<\/li>\n<li data-start=\"2728\" data-end=\"2763\">\n<p data-start=\"2730\" data-end=\"2763\"><strong data-start=\"2730\" data-end=\"2763\">T\u00e2n Uy\u00ean \u2013 B\u1ebfn C\u00e1t \u2013 B\u00e0u B\u00e0ng<\/strong><\/p>\n<\/li>\n<li data-start=\"2764\" data-end=\"2815\">\n<p data-start=\"2766\" data-end=\"2815\">KCN:\u00a0<strong data-start=\"2771\" data-end=\"2815\">VSIP, S\u00f3ng Th\u1ea7n, M\u1ef9 Ph\u01b0\u1edbc, Nam T\u00e2n Uy\u00ean\u2026<\/strong><\/p>\n<\/li>\n<\/ul>\n<hr data-start=\"2817\" data-end=\"2820\" \/>\n<h2 data-start=\"2822\" data-end=\"2852\">7) FAQ \u2013 C\u00e2u h\u1ecfi th\u01b0\u1eddng g\u1eb7p<\/h2>\n<h3 data-start=\"2853\" data-end=\"2909\">1) B\u00ean m\u00ecnh c\u00f3 \u0111\u00f3ng g\u00f3i t\u1eadn n\u01a1i t\u1ea1i kho\/x\u01b0\u1edfng kh\u00f4ng?<\/h3>\n<p data-start=\"2910\" data-end=\"2959\">C\u00f3. B\u00ean em nh\u1eadn \u0111\u00f3ng g\u00f3i t\u1ea1i kho, x\u01b0\u1edfng, nh\u00e0 m\u00e1y.<\/p>\n<h3 data-start=\"2961\" data-end=\"2997\">2) C\u00f3 \u0111\u00f3ng g\u00f3i h\u00e0ng d\u1ec5 v\u1ee1 kh\u00f4ng?<\/h3>\n<p data-start=\"2998\" data-end=\"3044\">C\u00f3. B\u00ean em s\u1ebd d\u00f9ng v\u1eadt li\u1ec7u ch\u1ed1ng s\u1ed1c ph\u00f9 h\u1ee3p.<\/p>\n<h3 data-start=\"3046\" data-end=\"3097\">3) C\u00f3 h\u1ed7 tr\u1ee3 \u0111\u00f3ng ki\u1ec7n g\u1ed7, \u0111\u00f3ng th\u00f9ng g\u1ed7 kh\u00f4ng?<\/h3>\n<p data-start=\"3098\" data-end=\"3126\">C\u00f3. B\u00ean em c\u00f3 nh\u1eadn tr\u1ecdn g\u00f3i.<\/p>\n<hr data-start=\"3128\" data-end=\"3131\" \/>\n<h2 data-start=\"3133\" data-end=\"3180\">\u2705\u00a0CTA \u2013 Li\u00ean h\u1ec7 \u0111\u00f3ng g\u00f3i h\u00e0ng h\u00f3a B\u00ecnh D\u01b0\u01a1ng<\/h2>\n<p data-start=\"3181\" data-end=\"3389\">\ud83d\udcde\u00a0<strong data-start=\"3184\" data-end=\"3196\">Hotline:<\/strong>\u00a0<strong data-start=\"3197\" data-end=\"3213\">0937 691 063<\/strong><br data-start=\"3213\" data-end=\"3216\" \/>\ud83d\udcac\u00a0<strong data-start=\"3219\" data-end=\"3236\">Zalo b\u00e1o gi\u00e1:<\/strong>\u00a0<strong data-start=\"3237\" data-end=\"3253\">0937 691 063<\/strong><br data-start=\"3253\" data-end=\"3256\" \/>\ud83d\udce7\u00a0<strong data-start=\"3259\" data-end=\"3269\">Email:<\/strong>\u00a0<strong data-start=\"3270\" data-end=\"3303\"><a class=\"decorated-link cursor-pointer\" rel=\"noopener\" data-start=\"3272\" data-end=\"3301\">manhhung.transpoort@gmail.com<\/a><\/strong><br data-start=\"3303\" data-end=\"3306\" \/>\ud83d\udccd\u00a0<strong data-start=\"3309\" data-end=\"3321\">\u0110\u1ecba ch\u1ec9:<\/strong>\u00a0<strong data-start=\"3322\" data-end=\"3389\">42 \u0110\u1ea1i l\u1ed9 B\u00ecnh D\u01b0\u01a1ng, L\u00e1i Thi\u00eau, Thu\u1eadn An, B\u00ecnh D\u01b0\u01a1ng, Vi\u1ec7t Nam<\/strong><\/p>\n<p data-start=\"3391\" data-end=\"3435\">\u2705\u00a0Nhanh \u2013 ch\u1eafc ch\u1eafn \u2013 an to\u00e0n khi v\u1eadn chuy\u1ec3n<\/p>\n","protected":false},"excerpt":{"rendered":"<p>Anh\/ch\u1ecb \u0111ang c\u1ea7n\u00a0<strong data-start=\"383\" data-end=\"415\">\u0111\u00f3ng g\u00f3i h\u00e0ng h\u00f3a B\u00ecnh D\u01b0\u01a1ng<\/strong>\u00a0\u0111\u1ec3 v\u1eadn chuy\u1ec3n n\u1ed9i t\u1ec9nh, \u0111i t\u1ec9nh ho\u1eb7c g\u1eedi h\u00e0ng xa an to\u00e0n?<br data-start=\"473\" data-end=\"476\" \/>Ch\u00fang t\u00f4i cung c\u1ea5p d\u1ecbch v\u1ee5 \u0111\u00f3ng g\u00f3i chuy\u00ean nghi\u1ec7p, gi\u00fap h\u00e0ng h\u00f3a\u00a0<strong data-start=\"541\" data-end=\"594\">ch\u1ed1ng s\u1ed1c \u2013 h\u1ea1n ch\u1ebf tr\u1ea7y x\u01b0\u1edbc \u2013 c\u1ed1 \u0111\u1ecbnh ch\u1eafc ch\u1eafn<\/strong>, ph\u00f9 h\u1ee3p cho doanh nghi\u1ec7p kho x\u01b0\u1edfng, nh\u00e0 m\u00e1y, v\u00e0 kh\u00e1ch h\u00e0ng c\u00e1 nh\u00e2n.<\/p>\n","protected":false},"featured_media":1034,"comment_status":"open","ping_status":"closed","template":"","meta":[],"product_brand":[],"product_cat":[85],"product_tag":[],"class_list":{"0":"post-1173","1":"product","2":"type-product","3":"status-publish","4":"has-post-thumbnail","6":"product_cat-dong-goi","8":"first","9":"instock","10":"shipping-taxable","11":"product-type-simple"},"_links":{"self":[{"href":"https:\/\/xenanghangbinhduong.com\/index.php?rest_route=\/wp\/v2\/product\/1173","targetHints":{"allow":["GET"]}}],"collection":[{"href":"https:\/\/xenanghangbinhduong.com\/index.php?rest_route=\/wp\/v2\/product"}],"about":[{"href":"https:\/\/xenanghangbinhduong.com\/index.php?rest_route=\/wp\/v2\/types\/product"}],"replies":[{"embeddable":true,"href":"https:\/\/xenanghangbinhduong.com\/index.php?rest_route=%2Fwp%2Fv2%2Fcomments&post=1173"}],"wp:featuredmedia":[{"embeddable":true,"href":"https:\/\/xenanghangbinhduong.com\/index.php?rest_route=\/wp\/v2\/media\/1034"}],"wp:attachment":[{"href":"https:\/\/xenanghangbinhduong.com\/index.php?rest_route=%2Fwp%2Fv2%2Fmedia&parent=1173"}],"wp:term":[{"taxonomy":"product_brand","embeddable":true,"href":"https:\/\/xenanghangbinhduong.com\/index.php?rest_route=%2Fwp%2Fv2%2Fproduct_brand&post=1173"},{"taxonomy":"product_cat","embeddable":true,"href":"https:\/\/xenanghangbinhduong.com\/index.php?rest_route=%2Fwp%2Fv2%2Fproduct_cat&post=1173"},{"taxonomy":"product_tag","embeddable":true,"href":"https:\/\/xenanghangbinhduong.com\/index.php?rest_route=%2Fwp%2Fv2%2Fproduct_tag&post=1173"}],"curies":[{"name":"wp","href":"https:\/\/api.w.org\/{rel}","templated":true}]}}