{"id":1177,"date":"2026-01-29T15:45:30","date_gmt":"2026-01-29T08:45:30","guid":{"rendered":"https:\/\/xenanghangbinhduong.com\/?post_type=product&#038;p=1177"},"modified":"2026-01-29T17:32:12","modified_gmt":"2026-01-29T10:32:12","slug":"cho-thue-xe-nang-go-vap","status":"publish","type":"product","link":"https:\/\/xenanghangbinhduong.com\/?product=cho-thue-xe-nang-go-vap","title":{"rendered":"Cho thu\u00ea xe n\u00e2ng G\u00f2 V\u1ea5p"},"content":{"rendered":"<h2 data-start=\"284\" data-end=\"349\">Cho thu\u00ea xe n\u00e2ng G\u00f2 V\u1ea5p \u2013 C\u00f3 m\u1eb7t nhanh, linh ho\u1ea1t theo ca\/ng\u00e0y<\/h2>\n<p data-start=\"351\" data-end=\"589\">B\u1ea1n \u0111ang c\u1ea7n <strong data-start=\"364\" data-end=\"382\">xe n\u00e2ng G\u00f2 V\u1ea5p<\/strong> \u0111\u1ec3 b\u1ed1c x\u1ebfp h\u00e0ng h\u00f3a, n\u00e2ng pallet, h\u1ed7 tr\u1ee3 kho x\u01b0\u1edfng ho\u1eb7c c\u00f4ng tr\u00ecnh?<br data-start=\"450\" data-end=\"453\" \/>Ch\u00fang t\u00f4i chuy\u00ean <strong data-start=\"470\" data-end=\"501\">cho thu\u00ea xe n\u00e2ng t\u1ea1i G\u00f2 V\u1ea5p<\/strong> v\u1edbi \u0111\u1ea7y \u0111\u1ee7 <strong data-start=\"513\" data-end=\"563\">xe n\u00e2ng \u0111i\u1ec7n \u2013 xe n\u00e2ng d\u1ea7u \u2013 xe n\u00e2ng c\u00f3 t\u00e0i x\u1ebf<\/strong>, h\u1ed7 tr\u1ee3 nhanh trong ng\u00e0y.<\/p>\n<p data-start=\"591\" data-end=\"638\">\ud83d\udcde <strong data-start=\"594\" data-end=\"621\">Hotline \u2013 Zalo b\u00e1o gi\u00e1:<\/strong> <strong data-start=\"622\" data-end=\"638\">0937 691 063<\/strong><\/p>\n<hr data-start=\"640\" data-end=\"643\" \/>\n<h3 data-start=\"645\" data-end=\"675\">D\u1ecbch v\u1ee5 xe n\u00e2ng t\u1ea1i G\u00f2 V\u1ea5p<\/h3>\n<ul data-start=\"676\" data-end=\"866\">\n<li data-start=\"676\" data-end=\"706\">\n<p data-start=\"678\" data-end=\"706\">Xe n\u00e2ng 1T \u2013 2.5T \u2013 3T \u2013 5T+<\/p>\n<\/li>\n<li data-start=\"707\" data-end=\"748\">\n<p data-start=\"709\" data-end=\"748\">Xe n\u00e2ng \u0111i\u1ec7n (kho k\u00edn, x\u01b0\u1edfng trong nh\u00e0)<\/p>\n<\/li>\n<li data-start=\"749\" data-end=\"785\">\n<p data-start=\"751\" data-end=\"785\">Xe n\u00e2ng d\u1ea7u (ngo\u00e0i b\u00e3i, h\u00e0ng n\u1eb7ng)<\/p>\n<\/li>\n<li data-start=\"786\" data-end=\"819\">\n<p data-start=\"788\" data-end=\"819\">Thu\u00ea theo <strong data-start=\"798\" data-end=\"819\">ca \/ ng\u00e0y \/ th\u00e1ng<\/strong><\/p>\n<\/li>\n<li data-start=\"820\" data-end=\"866\">\n<p data-start=\"822\" data-end=\"866\">H\u1ed7 tr\u1ee3 <strong data-start=\"829\" data-end=\"866\">b\u1ed1c d\u1ee1 \u2013 n\u00e2ng h\u1ea1 \u2013 di d\u1eddi m\u00e1y m\u00f3c<\/strong><\/p>\n<\/li>\n<\/ul>\n<hr data-start=\"868\" data-end=\"871\" \/>\n<h3 data-start=\"873\" data-end=\"922\">V\u00ec sao n\u00ean thu\u00ea xe n\u00e2ng G\u00f2 V\u1ea5p c\u1ee7a ch\u00fang t\u00f4i?<\/h3>\n<p data-start=\"923\" data-end=\"1073\">\u2705 \u0110i\u1ec1u xe nhanh \u2013 kh\u00f4ng ch\u1edd l\u00e2u<br data-start=\"954\" data-end=\"957\" \/>\u2705 Xe ph\u00f9 h\u1ee3p kho h\u1eb9p &amp; m\u1eb7t b\u1eb1ng ph\u1ed1<br data-start=\"992\" data-end=\"995\" \/>\u2705 T\u00e0i x\u1ebf kinh nghi\u1ec7m, l\u00e0m vi\u1ec7c an to\u00e0n<br data-start=\"1033\" data-end=\"1036\" \/>\u2705 B\u00e1o gi\u00e1 r\u00f5 r\u00e0ng \u2013 kh\u00f4ng ph\u00e1t sinh<\/p>\n<hr data-start=\"1075\" data-end=\"1078\" \/>\n<h3 data-start=\"1080\" data-end=\"1087\">FAQ<\/h3>\n<p data-start=\"1088\" data-end=\"1191\"><strong data-start=\"1088\" data-end=\"1142\">1. Xe n\u00e2ng c\u00f3 v\u00e0o \u0111\u01b0\u1ee3c kho nh\u1ecf trong G\u00f2 V\u1ea5p kh\u00f4ng?<\/strong><br data-start=\"1142\" data-end=\"1145\" \/>\ud83d\udc49 C\u00f3, b\u00ean em t\u01b0 v\u1ea5n lo\u1ea1i xe ph\u00f9 h\u1ee3p m\u1eb7t b\u1eb1ng.<\/p>\n<p data-start=\"1193\" data-end=\"1259\"><strong data-start=\"1193\" data-end=\"1235\">2. C\u00f3 thu\u00ea xe n\u00e2ng theo ca ng\u1eafn kh\u00f4ng?<\/strong><br data-start=\"1235\" data-end=\"1238\" \/>\ud83d\udc49 C\u00f3, r\u1ea5t linh ho\u1ea1t.<\/p>\n<hr data-start=\"1261\" data-end=\"1264\" \/>\n<h3 data-start=\"1266\" data-end=\"1288\">CTA \u2013 Li\u00ean h\u1ec7 ngay<\/h3>\n<p data-start=\"1289\" data-end=\"1395\">\ud83d\udcde <strong data-start=\"1292\" data-end=\"1308\">0937 691 063<\/strong><br data-start=\"1308\" data-end=\"1311\" \/>\ud83d\udce7 <strong data-start=\"1314\" data-end=\"1347\"><a class=\"decorated-link cursor-pointer\" rel=\"noopener\" data-start=\"1316\" data-end=\"1345\">manhhung.transpoort@gmail.com<\/a><\/strong><br data-start=\"1347\" data-end=\"1350\" \/>\ud83d\udccd Ph\u1ee5c v\u1ee5 nhanh t\u1ea1i G\u00f2 V\u1ea5p &amp; khu v\u1ef1c l\u00e2n c\u1eadn<\/p>\n","protected":false},"excerpt":{"rendered":"<p>B\u1ea1n \u0111ang c\u1ea7n <strong data-start=\"364\" data-end=\"382\">xe n\u00e2ng G\u00f2 V\u1ea5p<\/strong> \u0111\u1ec3 b\u1ed1c x\u1ebfp h\u00e0ng h\u00f3a, n\u00e2ng pallet, h\u1ed7 tr\u1ee3 kho x\u01b0\u1edfng ho\u1eb7c c\u00f4ng tr\u00ecnh?<br data-start=\"450\" data-end=\"453\" \/>Ch\u00fang t\u00f4i chuy\u00ean <strong data-start=\"470\" data-end=\"501\">cho thu\u00ea xe n\u00e2ng t\u1ea1i G\u00f2 V\u1ea5p<\/strong> v\u1edbi \u0111\u1ea7y \u0111\u1ee7 <strong data-start=\"513\" data-end=\"563\">xe n\u00e2ng \u0111i\u1ec7n \u2013 xe n\u00e2ng d\u1ea7u \u2013 xe n\u00e2ng c\u00f3 t\u00e0i x\u1ebf<\/strong>, h\u1ed7 tr\u1ee3 nhanh trong ng\u00e0y.<\/p>\n","protected":false},"featured_media":1060,"comment_status":"open","ping_status":"closed","template":"","meta":[],"product_brand":[],"product_cat":[15],"product_tag":[],"class_list":{"0":"post-1177","1":"product","2":"type-product","3":"status-publish","4":"has-post-thumbnail","6":"product_cat-xe-nang","8":"first","9":"instock","10":"shipping-taxable","11":"product-type-simple"},"_links":{"self":[{"href":"https:\/\/xenanghangbinhduong.com\/index.php?rest_route=\/wp\/v2\/product\/1177","targetHints":{"allow":["GET"]}}],"collection":[{"href":"https:\/\/xenanghangbinhduong.com\/index.php?rest_route=\/wp\/v2\/product"}],"about":[{"href":"https:\/\/xenanghangbinhduong.com\/index.php?rest_route=\/wp\/v2\/types\/product"}],"replies":[{"embeddable":true,"href":"https:\/\/xenanghangbinhduong.com\/index.php?rest_route=%2Fwp%2Fv2%2Fcomments&post=1177"}],"wp:featuredmedia":[{"embeddable":true,"href":"https:\/\/xenanghangbinhduong.com\/index.php?rest_route=\/wp\/v2\/media\/1060"}],"wp:attachment":[{"href":"https:\/\/xenanghangbinhduong.com\/index.php?rest_route=%2Fwp%2Fv2%2Fmedia&parent=1177"}],"wp:term":[{"taxonomy":"product_brand","embeddable":true,"href":"https:\/\/xenanghangbinhduong.com\/index.php?rest_route=%2Fwp%2Fv2%2Fproduct_brand&post=1177"},{"taxonomy":"product_cat","embeddable":true,"href":"https:\/\/xenanghangbinhduong.com\/index.php?rest_route=%2Fwp%2Fv2%2Fproduct_cat&post=1177"},{"taxonomy":"product_tag","embeddable":true,"href":"https:\/\/xenanghangbinhduong.com\/index.php?rest_route=%2Fwp%2Fv2%2Fproduct_tag&post=1177"}],"curies":[{"name":"wp","href":"https:\/\/api.w.org\/{rel}","templated":true}]}}