{"id":1181,"date":"2026-01-29T17:38:53","date_gmt":"2026-01-29T10:38:53","guid":{"rendered":"https:\/\/xenanghangbinhduong.com\/?post_type=product&#038;p=1181"},"modified":"2026-03-18T14:01:50","modified_gmt":"2026-03-18T07:01:50","slug":"cho-thue-xe-nang-nhon-trach","status":"publish","type":"product","link":"https:\/\/xenanghangbinhduong.com\/?product=cho-thue-xe-nang-nhon-trach","title":{"rendered":"Cho thu\u00ea xe n\u00e2ng Nh\u01a1n Tr\u1ea1ch"},"content":{"rendered":"<p><a href=\"https:\/\/xenanghangbinhduong.com\/?attachment_id=1138#main\" rel=\"attachment wp-att-1138\"><img loading=\"lazy\" decoding=\"async\" class=\"size-full wp-image-1138\" src=\"https:\/\/xenanghangbinhduong.com\/wp-content\/uploads\/2026\/01\/z7472331130811_29c3aec29b5283682d77540e964a5002.jpg\" alt=\"Xe n\u00e2ng gi\u00e1 r\u1ebb B\u00ecnh D\u01b0\u01a1ng\" width=\"1153\" height=\"2048\" srcset=\"https:\/\/xenanghangbinhduong.com\/wp-content\/uploads\/2026\/01\/z7472331130811_29c3aec29b5283682d77540e964a5002.jpg 1153w, https:\/\/xenanghangbinhduong.com\/wp-content\/uploads\/2026\/01\/z7472331130811_29c3aec29b5283682d77540e964a5002-768x1364.jpg 768w, https:\/\/xenanghangbinhduong.com\/wp-content\/uploads\/2026\/01\/z7472331130811_29c3aec29b5283682d77540e964a5002-865x1536.jpg 865w, https:\/\/xenanghangbinhduong.com\/wp-content\/uploads\/2026\/01\/z7472331130811_29c3aec29b5283682d77540e964a5002-600x1066.jpg 600w\" sizes=\"auto, (max-width: 1153px) 100vw, 1153px\" \/><\/a><\/p>\n<h2 data-start=\"3586\" data-end=\"3650\">Cho thu\u00ea xe n\u00e2ng Nh\u01a1n Tr\u1ea1ch \u2013 \u0110\u1ed3ng Nai \u2013 Ph\u1ee5c v\u1ee5 KCN, nh\u00e0 m\u00e1y<\/h2>\n<p data-start=\"3652\" data-end=\"3798\">Ch\u00fang t\u00f4i chuy\u00ean <strong data-start=\"3669\" data-end=\"3711\">cho thu\u00ea xe n\u00e2ng Nh\u01a1n Tr\u1ea1ch \u2013 \u0110\u1ed3ng Nai<\/strong> ph\u1ee5c v\u1ee5 c\u00e1c khu c\u00f4ng nghi\u1ec7p, nh\u00e0 m\u00e1y, kho x\u01b0\u1edfng v\u1edbi \u0111\u1ed9i xe \u0111a t\u1ea3i, s\u1eb5n s\u00e0ng \u0111i\u1ec1u \u0111\u1ed9ng.<\/p>\n<p data-start=\"3800\" data-end=\"3839\">\ud83d\udcde <strong data-start=\"3803\" data-end=\"3822\">Hotline \u2013 Zalo:<\/strong> <strong data-start=\"3823\" data-end=\"3839\">0937 691 063<\/strong><\/p>\n<hr data-start=\"3841\" data-end=\"3844\" \/>\n<h3 data-start=\"3846\" data-end=\"3876\">D\u1ecbch v\u1ee5 xe n\u00e2ng Nh\u01a1n Tr\u1ea1ch<\/h3>\n<ul data-start=\"3877\" data-end=\"3983\">\n<li data-start=\"3877\" data-end=\"3904\">\n<p data-start=\"3879\" data-end=\"3904\">Xe n\u00e2ng \u0111i\u1ec7n, xe n\u00e2ng d\u1ea7u<\/p>\n<\/li>\n<li data-start=\"3905\" data-end=\"3925\">\n<p data-start=\"3907\" data-end=\"3925\">C\u00f3 t\u00e0i x\u1ebf v\u1eadn h\u00e0nh<\/p>\n<\/li>\n<li data-start=\"3926\" data-end=\"3951\">\n<p data-start=\"3928\" data-end=\"3951\">Thu\u00ea theo ca\/ng\u00e0y\/th\u00e1ng<\/p>\n<\/li>\n<li data-start=\"3952\" data-end=\"3983\">\n<p data-start=\"3954\" data-end=\"3983\">H\u1ed7 tr\u1ee3 b\u1ed1c d\u1ee1, di d\u1eddi m\u00e1y m\u00f3c<\/p>\n<\/li>\n<\/ul>\n<hr data-start=\"3985\" data-end=\"3988\" \/>\n<h3 data-start=\"3990\" data-end=\"4038\">L\u00fd do doanh nghi\u1ec7p Nh\u01a1n Tr\u1ea1ch ch\u1ecdn ch\u00fang t\u00f4i<\/h3>\n<p data-start=\"4039\" data-end=\"4152\">\u2705 Hi\u1ec3u r\u00f5 KCN \u0110\u1ed3ng Nai<br data-start=\"4061\" data-end=\"4064\" \/>\u2705 \u0110i\u1ec1u xe nhanh \u2013 \u0111\u00fang gi\u1edd<br data-start=\"4090\" data-end=\"4093\" \/>\u2705 Xe kh\u1ecfe, l\u00e0m vi\u1ec7c \u1ed5n \u0111\u1ecbnh<br data-start=\"4120\" data-end=\"4123\" \/>\u2705 Gi\u00e1 t\u1ed1i \u01b0u cho doanh nghi\u1ec7p<\/p>\n<hr data-start=\"4154\" data-end=\"4157\" \/>\n<h3 data-start=\"4159\" data-end=\"4166\">FAQ<\/h3>\n<p data-start=\"4167\" data-end=\"4256\"><strong data-start=\"4167\" data-end=\"4220\">C\u00f3 h\u1ed7 tr\u1ee3 ch\u1ea1y xe t\u1eeb TP.HCM\/B\u00ecnh D\u01b0\u01a1ng qua kh\u00f4ng?<\/strong><br data-start=\"4220\" data-end=\"4223\" \/>\ud83d\udc49 C\u00f3, nh\u1eadn n\u1ed9i t\u1ec9nh &amp; li\u00ean t\u1ec9nh.<\/p>\n<hr data-start=\"4258\" data-end=\"4261\" \/>\n<h3 data-start=\"4263\" data-end=\"4285\">CTA \u2013 Li\u00ean h\u1ec7 ngay<\/h3>\n<p data-start=\"4286\" data-end=\"4397\">\ud83d\udcde <strong data-start=\"4289\" data-end=\"4305\">0937 691 063<\/strong><br data-start=\"4305\" data-end=\"4308\" \/>\ud83d\udce7 <strong data-start=\"4311\" data-end=\"4344\"><a class=\"decorated-link cursor-pointer\" rel=\"noopener\" data-start=\"4313\" data-end=\"4342\">manhhung.transpoort@gmail.com<\/a><\/strong><br data-start=\"4344\" data-end=\"4347\" \/>\ud83d\udccd Ph\u1ee5c v\u1ee5 \u0110\u1ed3ng Nai \u2013 Nh\u01a1n Tr\u1ea1ch \u2013 khu v\u1ef1c l\u00e2n c\u1eadn<\/p>\n","protected":false},"excerpt":{"rendered":"<p>Ch\u00fang t\u00f4i chuy\u00ean <strong data-start=\"3669\" data-end=\"3711\">cho thu\u00ea xe n\u00e2ng Nh\u01a1n Tr\u1ea1ch \u2013 \u0110\u1ed3ng Nai<\/strong> ph\u1ee5c v\u1ee5 c\u00e1c khu c\u00f4ng nghi\u1ec7p, nh\u00e0 m\u00e1y, kho x\u01b0\u1edfng v\u1edbi \u0111\u1ed9i xe \u0111a t\u1ea3i, s\u1eb5n s\u00e0ng \u0111i\u1ec1u \u0111\u1ed9ng.<\/p>\n","protected":false},"featured_media":1053,"comment_status":"open","ping_status":"closed","template":"","meta":[],"product_brand":[],"product_cat":[15],"product_tag":[],"class_list":{"0":"post-1181","1":"product","2":"type-product","3":"status-publish","4":"has-post-thumbnail","6":"product_cat-xe-nang","8":"first","9":"instock","10":"featured","11":"shipping-taxable","12":"product-type-simple"},"_links":{"self":[{"href":"https:\/\/xenanghangbinhduong.com\/index.php?rest_route=\/wp\/v2\/product\/1181","targetHints":{"allow":["GET"]}}],"collection":[{"href":"https:\/\/xenanghangbinhduong.com\/index.php?rest_route=\/wp\/v2\/product"}],"about":[{"href":"https:\/\/xenanghangbinhduong.com\/index.php?rest_route=\/wp\/v2\/types\/product"}],"replies":[{"embeddable":true,"href":"https:\/\/xenanghangbinhduong.com\/index.php?rest_route=%2Fwp%2Fv2%2Fcomments&post=1181"}],"wp:featuredmedia":[{"embeddable":true,"href":"https:\/\/xenanghangbinhduong.com\/index.php?rest_route=\/wp\/v2\/media\/1053"}],"wp:attachment":[{"href":"https:\/\/xenanghangbinhduong.com\/index.php?rest_route=%2Fwp%2Fv2%2Fmedia&parent=1181"}],"wp:term":[{"taxonomy":"product_brand","embeddable":true,"href":"https:\/\/xenanghangbinhduong.com\/index.php?rest_route=%2Fwp%2Fv2%2Fproduct_brand&post=1181"},{"taxonomy":"product_cat","embeddable":true,"href":"https:\/\/xenanghangbinhduong.com\/index.php?rest_route=%2Fwp%2Fv2%2Fproduct_cat&post=1181"},{"taxonomy":"product_tag","embeddable":true,"href":"https:\/\/xenanghangbinhduong.com\/index.php?rest_route=%2Fwp%2Fv2%2Fproduct_tag&post=1181"}],"curies":[{"name":"wp","href":"https:\/\/api.w.org\/{rel}","templated":true}]}}