{"id":1185,"date":"2026-01-29T20:58:51","date_gmt":"2026-01-29T13:58:51","guid":{"rendered":"https:\/\/xenanghangbinhduong.com\/?post_type=product&#038;p=1185"},"modified":"2026-01-29T20:58:52","modified_gmt":"2026-01-29T13:58:52","slug":"xe-nang-ben-cat","status":"publish","type":"product","link":"https:\/\/xenanghangbinhduong.com\/?product=xe-nang-ben-cat","title":{"rendered":"Xe n\u00e2ng B\u1ebfn C\u00e1t"},"content":{"rendered":"<h2 data-start=\"3484\" data-end=\"3535\">Xe n\u00e2ng B\u1ebfn C\u00e1t \u2013 C\u00f3 m\u1eb7t nhanh, h\u1ed7 tr\u1ee3 kho x\u01b0\u1edfng<\/h2>\n<p data-start=\"3537\" data-end=\"3660\">D\u1ecbch v\u1ee5 <strong data-start=\"3545\" data-end=\"3564\">xe n\u00e2ng B\u1ebfn C\u00e1t<\/strong> chuy\u00ean ph\u1ee5c v\u1ee5 kho x\u01b0\u1edfng, nh\u00e0 m\u00e1y, c\u00f4ng tr\u00ecnh x\u00e2y d\u1ef1ng v\u1edbi \u0111\u1ed9i xe \u0111a t\u1ea3i v\u00e0 t\u00e0i x\u1ebf kinh nghi\u1ec7m.<\/p>\n<p data-start=\"3662\" data-end=\"3701\">\ud83d\udcde <strong data-start=\"3665\" data-end=\"3684\">Hotline \u2013 Zalo:<\/strong> <strong data-start=\"3685\" data-end=\"3701\">0937 691 063<\/strong><\/p>\n<hr data-start=\"3703\" data-end=\"3706\" \/>\n<h3 data-start=\"3708\" data-end=\"3731\">D\u1ecbch v\u1ee5 t\u1ea1i B\u1ebfn C\u00e1t<\/h3>\n<ul data-start=\"3732\" data-end=\"3840\">\n<li data-start=\"3732\" data-end=\"3760\">\n<p data-start=\"3734\" data-end=\"3760\">Xe n\u00e2ng \u0111i\u1ec7n cho kho k\u00edn<\/p>\n<\/li>\n<li data-start=\"3761\" data-end=\"3790\">\n<p data-start=\"3763\" data-end=\"3790\">Xe n\u00e2ng d\u1ea7u cho h\u00e0ng n\u1eb7ng<\/p>\n<\/li>\n<li data-start=\"3791\" data-end=\"3812\">\n<p data-start=\"3793\" data-end=\"3812\">Thu\u00ea theo ca\/ng\u00e0y<\/p>\n<\/li>\n<li data-start=\"3813\" data-end=\"3840\">\n<p data-start=\"3815\" data-end=\"3840\">B\u1ed1c d\u1ee1 \u2013 n\u00e2ng h\u1ea1 \u2013 di d\u1eddi<\/p>\n<\/li>\n<\/ul>\n<hr data-start=\"3842\" data-end=\"3845\" \/>\n<h3 data-start=\"3847\" data-end=\"3854\">CTA<\/h3>\n<p data-start=\"3855\" data-end=\"3901\">\ud83d\udcde <strong data-start=\"3858\" data-end=\"3874\">0937 691 063<\/strong> \u2013 B\u00e1o gi\u00e1 nhanh trong ng\u00e0y<\/p>\n","protected":false},"excerpt":{"rendered":"<p>D\u1ecbch v\u1ee5 <strong data-start=\"3545\" data-end=\"3564\">xe n\u00e2ng B\u1ebfn C\u00e1t<\/strong> chuy\u00ean ph\u1ee5c v\u1ee5 kho x\u01b0\u1edfng, nh\u00e0 m\u00e1y, c\u00f4ng tr\u00ecnh x\u00e2y d\u1ef1ng v\u1edbi \u0111\u1ed9i xe \u0111a t\u1ea3i v\u00e0 t\u00e0i x\u1ebf kinh nghi\u1ec7m.<\/p>\n","protected":false},"featured_media":987,"comment_status":"open","ping_status":"closed","template":"","meta":[],"product_brand":[],"product_cat":[15],"product_tag":[],"class_list":{"0":"post-1185","1":"product","2":"type-product","3":"status-publish","4":"has-post-thumbnail","6":"product_cat-xe-nang","8":"first","9":"instock","10":"shipping-taxable","11":"product-type-simple"},"_links":{"self":[{"href":"https:\/\/xenanghangbinhduong.com\/index.php?rest_route=\/wp\/v2\/product\/1185","targetHints":{"allow":["GET"]}}],"collection":[{"href":"https:\/\/xenanghangbinhduong.com\/index.php?rest_route=\/wp\/v2\/product"}],"about":[{"href":"https:\/\/xenanghangbinhduong.com\/index.php?rest_route=\/wp\/v2\/types\/product"}],"replies":[{"embeddable":true,"href":"https:\/\/xenanghangbinhduong.com\/index.php?rest_route=%2Fwp%2Fv2%2Fcomments&post=1185"}],"wp:featuredmedia":[{"embeddable":true,"href":"https:\/\/xenanghangbinhduong.com\/index.php?rest_route=\/wp\/v2\/media\/987"}],"wp:attachment":[{"href":"https:\/\/xenanghangbinhduong.com\/index.php?rest_route=%2Fwp%2Fv2%2Fmedia&parent=1185"}],"wp:term":[{"taxonomy":"product_brand","embeddable":true,"href":"https:\/\/xenanghangbinhduong.com\/index.php?rest_route=%2Fwp%2Fv2%2Fproduct_brand&post=1185"},{"taxonomy":"product_cat","embeddable":true,"href":"https:\/\/xenanghangbinhduong.com\/index.php?rest_route=%2Fwp%2Fv2%2Fproduct_cat&post=1185"},{"taxonomy":"product_tag","embeddable":true,"href":"https:\/\/xenanghangbinhduong.com\/index.php?rest_route=%2Fwp%2Fv2%2Fproduct_tag&post=1185"}],"curies":[{"name":"wp","href":"https:\/\/api.w.org\/{rel}","templated":true}]}}