{"id":1245,"date":"2026-03-13T22:37:47","date_gmt":"2026-03-13T15:37:47","guid":{"rendered":"https:\/\/xenanghangbinhduong.com\/?post_type=product&#038;p=1245"},"modified":"2026-03-13T23:06:20","modified_gmt":"2026-03-13T16:06:20","slug":"dich-vu-xe-nang-binh-duong","status":"publish","type":"product","link":"https:\/\/xenanghangbinhduong.com\/?product=dich-vu-xe-nang-binh-duong","title":{"rendered":"D\u1ecbch v\u1ee5 xe n\u00e2ng B\u00ecnh D\u01b0\u01a1ng"},"content":{"rendered":"<figure id=\"attachment_1114\" aria-describedby=\"caption-attachment-1114\" style=\"width: 1107px\" class=\"wp-caption alignnone\"><a href=\"https:\/\/xenanghangbinhduong.com\/z7472330801748_7ab51d043cc5302394abec70c3baf542\/\"><img loading=\"lazy\" decoding=\"async\" class=\"size-full wp-image-1114\" src=\"https:\/\/xenanghangbinhduong.com\/wp-content\/uploads\/2026\/01\/z7472330801748_7ab51d043cc5302394abec70c3baf542.jpg\" alt=\"\ud83d\ude9c D\u1ecbch V\u1ee5 Cho Thu\u00ea Xe N\u00e2ng T\u1ea1i B\u00ecnh D\u01b0\u01a1ngDi D\u1eddi M\u00e1y M\u00f3c \u2013 Di D\u1eddi Kho X\u01b0\u1edfng \u2013 V\u1eadn Chuy\u1ec3n M\u00e1y M\u00f3c C\u00f4ng Nghi\u1ec7p N\u1eb7ng T\u1ea1i B\u00ecnh D\u01b0\u01a1ng, nhu c\u1ea7u n\u00e2ng h\u1ea1 v\u00e0 v\u1eadn chuy\u1ec3n m\u00e1y m\u00f3c c\u00f4ng nghi\u1ec7p trong c\u00e1c khu c\u00f4ng nghi\u1ec7p ng\u00e0y c\u00e0ng l\u1edbn. D\u1ecbch v\u1ee5 xe n\u00e2ng M\u1ea1nh H\u00f9ng chuy\u00ean cung c\u1ea5p gi\u1ea3i ph\u00e1p di d\u1eddi m\u00e1y m\u00f3c \u2013 di d\u1eddi kho x\u01b0\u1edfng \u2013 v\u1eadn chuy\u1ec3n thi\u1ebft b\u1ecb n\u1eb7ng cho nh\u00e0 m\u00e1y t\u1ea1i khu v\u1ef1c mi\u1ec1n Nam. \u2699\ufe0f D\u1ecbch v\u1ee5 ch\u00ednh \ud83d\ude9b Cho thu\u00ea xe n\u00e2ng Xe n\u00e2ng d\u1ea7u, xe n\u00e2ng \u0111i\u1ec7n T\u1ea3i tr\u1ecdng t\u1eeb 1 t\u1ea5n \u2013 15 t\u1ea5n N\u00e2ng h\u00e0ng kho x\u01b0\u1edfng, container, pallet \ud83c\udfed Di d\u1eddi m\u00e1y m\u00f3c c\u00f4ng nghi\u1ec7p Di d\u1eddi m\u00e1y CNC, m\u00e1y \u00e9p, m\u00e1y c\u01a1 kh\u00ed H\u1ea1 \u0111\u1eb7t m\u00e1y m\u00f3c v\u00e0o v\u1ecb tr\u00ed trong nh\u00e0 x\u01b0\u1edfng Th\u00e1o l\u1eafp v\u00e0 v\u1eadn chuy\u1ec3n thi\u1ebft b\u1ecb c\u00f4ng nghi\u1ec7p n\u1eb7ng \ud83c\udfd7\ufe0f Di d\u1eddi kho x\u01b0\u1edfng \u2013 nh\u00e0 m\u00e1y Di d\u1eddi to\u00e0n b\u1ed9 d\u00e2y chuy\u1ec1n s\u1ea3n xu\u1ea5t B\u1ed1c x\u1ebfp v\u00e0 v\u1eadn chuy\u1ec3n m\u00e1y m\u00f3c L\u1eafp \u0111\u1eb7t l\u1ea1i t\u1ea1i \u0111\u1ecba \u0111i\u1ec3m m\u1edbi \ud83d\ude9a V\u1eadn chuy\u1ec3n m\u00e1y m\u00f3c si\u00eau tr\u01b0\u1eddng si\u00eau tr\u1ecdng Xe c\u1ea9u \u2013 xe \u0111\u1ea7u k\u00e9o \u2013 mooc l\u00f9n Chuy\u00ean v\u1eadn chuy\u1ec3n thi\u1ebft b\u1ecb c\u00f4ng nghi\u1ec7p n\u1eb7ng \ud83d\udccd Ph\u1ee5c v\u1ee5 c\u00e1c khu c\u00f4ng nghi\u1ec7p mi\u1ec1n Nam D\u1ecbch v\u1ee5 ho\u1ea1t \u0111\u1ed9ng t\u1ea1i nhi\u1ec1u khu c\u00f4ng nghi\u1ec7p l\u1edbn nh\u01b0: VSIP \u2013 Thu\u1eadn An S\u00f3ng Th\u1ea7n \u2013 D\u0129 An M\u1ef9 Ph\u01b0\u1edbc \u2013 B\u1ebfn C\u00e1t Amata \u2013 Bi\u00ean H\u00f2a Long Th\u00e0nh \u2013 Long Th\u00e0nh Ngo\u00e0i B\u00ecnh D\u01b0\u01a1ng, d\u1ecbch v\u1ee5 c\u00f2n ph\u1ee5c v\u1ee5 nhanh t\u1ea1i: Th\u00e0nh ph\u1ed1 H\u1ed3 Ch\u00ed Minh \u0110\u1ed3ng Nai Long An T\u00e2y Ninh B\u00e0 R\u1ecba \u2013 V\u0169ng T\u00e0u \u2b50 \u01afu \u0111i\u1ec3m d\u1ecbch v\u1ee5 \u2714 \u0110\u1ed9i xe n\u00e2ng v\u00e0 xe c\u1ea9u \u0111a t\u1ea3i tr\u1ecdng \u2714 Nh\u00e2n vi\u00ean v\u1eadn h\u00e0nh nhi\u1ec1u kinh nghi\u1ec7m \u2714 Nh\u1eadn vi\u1ec7c 24\/7 t\u1ea1i khu c\u00f4ng nghi\u1ec7p \u2714 B\u00e1o gi\u00e1 nhanh \u2013 thi c\u00f4ng an to\u00e0n \u260e Xe N\u00e2ng M\u1ea1nh H\u00f9ng \u2013 Cho Thu\u00ea Xe N\u00e2ng B\u00ecnh D\u01b0\u01a1ng \ud83d\udcde Hotline: 0907 592 494\" width=\"1107\" height=\"1476\" srcset=\"https:\/\/xenanghangbinhduong.com\/wp-content\/uploads\/2026\/01\/z7472330801748_7ab51d043cc5302394abec70c3baf542.jpg 1107w, https:\/\/xenanghangbinhduong.com\/wp-content\/uploads\/2026\/01\/z7472330801748_7ab51d043cc5302394abec70c3baf542-768x1024.jpg 768w, https:\/\/xenanghangbinhduong.com\/wp-content\/uploads\/2026\/01\/z7472330801748_7ab51d043cc5302394abec70c3baf542-600x800.jpg 600w\" sizes=\"auto, (max-width: 1107px) 100vw, 1107px\" \/><\/a><figcaption id=\"caption-attachment-1114\" class=\"wp-caption-text\">Cho thu\u00ea xe n\u00e2ng &#8211; Di d\u1eddi m\u00e1y m\u00f3c &#8211; v\u1eadn chuy\u1ec3n m\u00e1y m\u00f3c c\u00f4ng nghi\u1ec7p n\u1eb7ng<\/figcaption><\/figure>\n<p><a href=\"https:\/\/xenanghangbinhduong.com\/xe-nang-gia-re-binh-duong\/z7472397291003_65e46734879e76a34a0cf64a470ea53e\/#main\" rel=\"attachment wp-att-1146\"><img loading=\"lazy\" decoding=\"async\" class=\"aligncenter size-full wp-image-1146\" src=\"https:\/\/xenanghangbinhduong.com\/wp-content\/uploads\/2026\/01\/z7472397291003_65e46734879e76a34a0cf64a470ea53e.jpg\" alt=\"\" width=\"720\" height=\"1280\" srcset=\"https:\/\/xenanghangbinhduong.com\/wp-content\/uploads\/2026\/01\/z7472397291003_65e46734879e76a34a0cf64a470ea53e.jpg 720w, https:\/\/xenanghangbinhduong.com\/wp-content\/uploads\/2026\/01\/z7472397291003_65e46734879e76a34a0cf64a470ea53e-600x1067.jpg 600w\" sizes=\"auto, (max-width: 720px) 100vw, 720px\" \/><\/a><\/p>\n","protected":false},"excerpt":{"rendered":"<figure id=\"attachment_1139\" aria-describedby=\"caption-attachment-1139\" style=\"width: 1153px\" class=\"wp-caption aligncenter\"><a href=\"https:\/\/xenanghangbinhduong.com\/z7472331133079_1ca3dfbc99577e052fc7692c5f22d10a\/\"><img loading=\"lazy\" decoding=\"async\" class=\"size-full wp-image-1139\" src=\"https:\/\/xenanghangbinhduong.com\/wp-content\/uploads\/2026\/01\/z7472331133079_1ca3dfbc99577e052fc7692c5f22d10a.jpg\" alt=\"Xe N\u00e2ng M\u1ea1nh H\u00f9ng \u2013 Cho Thu\u00ea Xe N\u00e2ng Di D\u1eddi &amp; L\u1eafp \u0110\u1eb7t M\u00e1y M\u00f3cXe N\u00e2ng M\u1ea1nh H\u00f9ng chuy\u00ean cho thu\u00ea xe n\u00e2ng, di d\u1eddi v\u00e0 l\u1eafp \u0111\u1eb7t m\u00e1y m\u00f3c \u2013 di d\u1eddi kho x\u01b0\u1edfng cho c\u00e1c nh\u00e0 m\u00e1y v\u00e0 khu c\u00f4ng nghi\u1ec7p t\u1ea1i: B\u00ecnh D\u01b0\u01a1ng \u0110\u1ed3ng Nai Th\u00e0nh ph\u1ed1 H\u1ed3 Ch\u00ed Minh V\u1edbi nhi\u1ec1u n\u0103m kinh nghi\u1ec7m trong l\u0129nh v\u1ef1c n\u00e2ng h\u1ea1 v\u00e0 v\u1eadn chuy\u1ec3n thi\u1ebft b\u1ecb c\u00f4ng nghi\u1ec7p, ch\u00fang t\u00f4i cam k\u1ebft an to\u00e0n \u2013 nhanh ch\u00f3ng \u2013 chi ph\u00ed h\u1ee3p l\u00fd cho m\u1ecdi c\u00f4ng tr\u00ecnh. \u2699\ufe0f D\u1ecbch v\u1ee5 ch\u00ednh \ud83d\udd27 Cho thu\u00ea xe n\u00e2ng h\u00e0ng Xe n\u00e2ng d\u1ea7u \u2013 xe n\u00e2ng \u0111i\u1ec7n T\u1ea3i tr\u1ecdng t\u1eeb 1 t\u1ea5n \u0111\u1ebfn 15 t\u1ea5n N\u00e2ng h\u1ea1 h\u00e0ng h\u00f3a trong kho x\u01b0\u1edfng, container \ud83c\udfed Di d\u1eddi v\u00e0 l\u1eafp \u0111\u1eb7t m\u00e1y m\u00f3c c\u00f4ng nghi\u1ec7p Di d\u1eddi m\u00e1y CNC, m\u00e1y \u00e9p, m\u00e1y c\u01a1 kh\u00ed H\u1ea1 \u0111\u1eb7t m\u00e1y m\u00f3c v\u00e0o v\u1ecb tr\u00ed trong nh\u00e0 x\u01b0\u1edfng Th\u00e1o l\u1eafp v\u00e0 v\u1eadn chuy\u1ec3n d\u00e2y chuy\u1ec1n s\u1ea3n xu\u1ea5t \ud83c\udfd7 Di d\u1eddi kho x\u01b0\u1edfng \u2013 nh\u00e0 m\u00e1y Di d\u1eddi to\u00e0n b\u1ed9 thi\u1ebft b\u1ecb nh\u00e0 m\u00e1y B\u1ed1c x\u1ebfp v\u00e0 v\u1eadn chuy\u1ec3n m\u00e1y m\u00f3c L\u1eafp \u0111\u1eb7t thi\u1ebft b\u1ecb t\u1ea1i \u0111\u1ecba \u0111i\u1ec3m m\u1edbi \ud83d\ude9a V\u1eadn chuy\u1ec3n m\u00e1y m\u00f3c c\u00f4ng nghi\u1ec7p n\u1eb7ng Xe c\u1ea9u \u2013 xe \u0111\u1ea7u k\u00e9o \u2013 mooc l\u00f9n Ph\u1ee5c v\u1ee5 thi\u1ebft b\u1ecb si\u00eau tr\u01b0\u1eddng si\u00eau tr\u1ecdng \ud83d\udccd Ph\u1ee5c v\u1ee5 c\u00e1c khu c\u00f4ng nghi\u1ec7p l\u1edbn Xe n\u00e2ng M\u1ea1nh H\u00f9ng nh\u1eadn vi\u1ec7c t\u1ea1i nhi\u1ec1u khu c\u00f4ng nghi\u1ec7p nh\u01b0: VSIP \u2013 Thu\u1eadn An S\u00f3ng Th\u1ea7n \u2013 D\u0129 An M\u1ef9 Ph\u01b0\u1edbc \u2013 B\u1ebfn C\u00e1t Amata \u2013 Bi\u00ean H\u00f2a \u2b50 L\u00fd do kh\u00e1ch h\u00e0ng ch\u1ecdn Xe N\u00e2ng M\u1ea1nh H\u00f9ng \u2714 \u0110\u1ed9i xe n\u00e2ng v\u00e0 xe c\u1ea9u \u0111a t\u1ea3i tr\u1ecdng \u2714 Nh\u00e2n vi\u00ean v\u1eadn h\u00e0nh chuy\u00ean nghi\u1ec7p \u2714 Nh\u1eadn vi\u1ec7c nhanh 24\/7 t\u1ea1i khu c\u00f4ng nghi\u1ec7p \u2714 Gi\u00e1 thu\u00ea c\u1ea1nh tranh \u2013 h\u1ed7 tr\u1ee3 t\u1eadn n\u01a1i \u260e Xe N\u00e2ng M\u1ea1nh H\u00f9ng \u2013 Cho Thu\u00ea Xe N\u00e2ng &amp; Di D\u1eddi M\u00e1y M\u00f3c \ud83d\udcde Hotline: 0907 592 494\" width=\"1153\" height=\"2048\" srcset=\"https:\/\/xenanghangbinhduong.com\/wp-content\/uploads\/2026\/01\/z7472331133079_1ca3dfbc99577e052fc7692c5f22d10a.jpg 1153w, https:\/\/xenanghangbinhduong.com\/wp-content\/uploads\/2026\/01\/z7472331133079_1ca3dfbc99577e052fc7692c5f22d10a-768x1364.jpg 768w, https:\/\/xenanghangbinhduong.com\/wp-content\/uploads\/2026\/01\/z7472331133079_1ca3dfbc99577e052fc7692c5f22d10a-865x1536.jpg 865w, https:\/\/xenanghangbinhduong.com\/wp-content\/uploads\/2026\/01\/z7472331133079_1ca3dfbc99577e052fc7692c5f22d10a-600x1066.jpg 600w\" sizes=\"auto, (max-width: 1153px) 100vw, 1153px\" \/><\/a><figcaption id=\"caption-attachment-1139\" class=\"wp-caption-text\">Cho thu\u00ea xe n\u00e2ng B\u00ecnh D\u01b0\u01a1ng<\/figcaption><\/figure>\n<p>\ud83d\ude9c D\u1ecbch V\u1ee5 Cho Thu\u00ea Xe N\u00e2ng T\u1ea1i B\u00ecnh D\u01b0\u01a1ng<\/p>\n<p>Di D\u1eddi M\u00e1y M\u00f3c \u2013 Di D\u1eddi Kho X\u01b0\u1edfng \u2013 V\u1eadn Chuy\u1ec3n M\u00e1y M\u00f3c C\u00f4ng Nghi\u1ec7p N\u1eb7ng<\/p>\n<p>T\u1ea1i B\u00ecnh D\u01b0\u01a1ng, nhu c\u1ea7u n\u00e2ng h\u1ea1 v\u00e0 v\u1eadn chuy\u1ec3n m\u00e1y m\u00f3c c\u00f4ng nghi\u1ec7p trong c\u00e1c khu c\u00f4ng nghi\u1ec7p ng\u00e0y c\u00e0ng l\u1edbn. D\u1ecbch v\u1ee5 xe n\u00e2ng M\u1ea1nh H\u00f9ng chuy\u00ean cung c\u1ea5p gi\u1ea3i ph\u00e1p di d\u1eddi m\u00e1y m\u00f3c \u2013 di d\u1eddi kho x\u01b0\u1edfng \u2013 v\u1eadn chuy\u1ec3n thi\u1ebft b\u1ecb n\u1eb7ng cho nh\u00e0 m\u00e1y t\u1ea1i khu v\u1ef1c mi\u1ec1n Nam.<\/p>\n<p>\u2699\ufe0f D\u1ecbch v\u1ee5 ch\u00ednh<\/p>\n<p>\ud83d\ude9b Cho thu\u00ea xe n\u00e2ng<\/p>\n<p>Xe n\u00e2ng d\u1ea7u, xe n\u00e2ng \u0111i\u1ec7n<\/p>\n<p>T\u1ea3i tr\u1ecdng t\u1eeb 1 t\u1ea5n \u2013 15 t\u1ea5n<\/p>\n<p>N\u00e2ng h\u00e0ng kho x\u01b0\u1edfng, container, pallet<\/p>\n<p>\ud83c\udfed Di d\u1eddi m\u00e1y m\u00f3c c\u00f4ng nghi\u1ec7p<\/p>\n<p>Di d\u1eddi m\u00e1y CNC, m\u00e1y \u00e9p, m\u00e1y c\u01a1 kh\u00ed<\/p>\n<p>H\u1ea1 \u0111\u1eb7t m\u00e1y m\u00f3c v\u00e0o v\u1ecb tr\u00ed trong nh\u00e0 x\u01b0\u1edfng<\/p>\n<p>Th\u00e1o l\u1eafp v\u00e0 v\u1eadn chuy\u1ec3n thi\u1ebft b\u1ecb c\u00f4ng nghi\u1ec7p n\u1eb7ng<\/p>\n<p>\ud83c\udfd7\ufe0f Di d\u1eddi kho x\u01b0\u1edfng \u2013 nh\u00e0 m\u00e1y<\/p>\n<p>Di d\u1eddi to\u00e0n b\u1ed9 d\u00e2y chuy\u1ec1n s\u1ea3n xu\u1ea5t<\/p>\n<p>B\u1ed1c x\u1ebfp v\u00e0 v\u1eadn chuy\u1ec3n m\u00e1y m\u00f3c<\/p>\n<p>L\u1eafp \u0111\u1eb7t l\u1ea1i t\u1ea1i \u0111\u1ecba \u0111i\u1ec3m m\u1edbi<\/p>\n<p>\ud83d\ude9a V\u1eadn chuy\u1ec3n m\u00e1y m\u00f3c si\u00eau tr\u01b0\u1eddng si\u00eau tr\u1ecdng<\/p>\n<p>Xe c\u1ea9u \u2013 xe \u0111\u1ea7u k\u00e9o \u2013 mooc l\u00f9n<\/p>\n<p>Chuy\u00ean v\u1eadn chuy\u1ec3n thi\u1ebft b\u1ecb c\u00f4ng nghi\u1ec7p n\u1eb7ng<\/p>\n<p>\ud83d\udccd Ph\u1ee5c v\u1ee5 c\u00e1c khu c\u00f4ng nghi\u1ec7p mi\u1ec1n Nam<\/p>\n<p>D\u1ecbch v\u1ee5 ho\u1ea1t \u0111\u1ed9ng t\u1ea1i nhi\u1ec1u khu c\u00f4ng nghi\u1ec7p l\u1edbn nh\u01b0:<\/p>\n<p>VSIP \u2013 Thu\u1eadn An<\/p>\n<p>S\u00f3ng Th\u1ea7n \u2013 D\u0129 An<\/p>\n<p>M\u1ef9 Ph\u01b0\u1edbc \u2013 B\u1ebfn C\u00e1t<\/p>\n<p>Amata \u2013 Bi\u00ean H\u00f2a<\/p>\n<p>Long Th\u00e0nh \u2013 Long Th\u00e0nh<\/p>\n<p>Ngo\u00e0i B\u00ecnh D\u01b0\u01a1ng, d\u1ecbch v\u1ee5 c\u00f2n ph\u1ee5c v\u1ee5 nhanh t\u1ea1i:<\/p>\n<p>Th\u00e0nh ph\u1ed1 H\u1ed3 Ch\u00ed Minh<\/p>\n<p>\u0110\u1ed3ng Nai<\/p>\n<p>Long An<\/p>\n<p>T\u00e2y Ninh<\/p>\n<p>B\u00e0 R\u1ecba \u2013 V\u0169ng T\u00e0u<\/p>\n<p>\u2b50 \u01afu \u0111i\u1ec3m d\u1ecbch v\u1ee5<\/p>\n<p>\u2714 \u0110\u1ed9i xe n\u00e2ng v\u00e0 xe c\u1ea9u \u0111a t\u1ea3i tr\u1ecdng<\/p>\n<p>\u2714 Nh\u00e2n vi\u00ean v\u1eadn h\u00e0nh nhi\u1ec1u kinh nghi\u1ec7m<\/p>\n<p>\u2714 Nh\u1eadn vi\u1ec7c 24\/7 t\u1ea1i khu c\u00f4ng nghi\u1ec7p<\/p>\n<p>\u2714 B\u00e1o gi\u00e1 nhanh \u2013 thi c\u00f4ng an to\u00e0n<\/p>\n<p>\u260e Xe N\u00e2ng M\u1ea1nh H\u00f9ng \u2013 Cho Thu\u00ea Xe N\u00e2n<a href=\"https:\/\/xenanghangbinhduong.com\/nang-ha-hang-hoa-binh-duong\/boc-xep-van-chuyen-hang-hoa\/#main\" rel=\"attachment wp-att-1029\"><img loading=\"lazy\" decoding=\"async\" class=\"aligncenter size-full wp-image-1029\" src=\"https:\/\/xenanghangbinhduong.com\/wp-content\/uploads\/2026\/01\/boc-xep-van-chuyen-hang-hoa.jpg\" alt=\"\ud83d\ude9c Cho Thu\u00ea Xe N\u00e2ng B\u00ecnh D\u01b0\u01a1ng \u2013 Xe N\u00e2ng M\u1ea1nh H\u00f9ng Xe n\u00e2ng M\u1ea1nh H\u00f9ng l\u00e0 \u0111\u01a1n v\u1ecb chuy\u00ean cho thu\u00ea xe n\u00e2ng \u2013 di d\u1eddi m\u00e1y m\u00f3c \u2013 di d\u1eddi kho x\u01b0\u1edfng \u2013 v\u1eadn chuy\u1ec3n thi\u1ebft b\u1ecb c\u00f4ng nghi\u1ec7p n\u1eb7ng t\u1ea1i B\u00ecnh D\u01b0\u01a1ng v\u00e0 c\u00e1c khu c\u00f4ng nghi\u1ec7p khu v\u1ef1c mi\u1ec1n Nam. \u2699\ufe0f D\u1ecbch v\u1ee5 ch\u00ednh \ud83d\udd39 Cho thu\u00ea xe n\u00e2ng h\u00e0ng Xe n\u00e2ng d\u1ea7u, xe n\u00e2ng \u0111i\u1ec7n T\u1ea3i tr\u1ecdng t\u1eeb 1 t\u1ea5n \u2013 15 t\u1ea5n N\u00e2ng h\u00e0ng pallet, container, m\u00e1y m\u00f3c \ud83d\udd39 Di d\u1eddi m\u00e1y m\u00f3c nh\u00e0 x\u01b0\u1edfng Di chuy\u1ec3n m\u00e1y CNC, m\u00e1y \u00e9p, m\u00e1y c\u00f4ng nghi\u1ec7p H\u1ea1 \u0111\u1eb7t m\u00e1y m\u00f3c \u0111\u00fang v\u1ecb tr\u00ed trong x\u01b0\u1edfng \ud83d\udd39 Di d\u1eddi kho x\u01b0\u1edfng \u2013 nh\u00e0 m\u00e1y Th\u00e1o d\u1ee1 v\u00e0 l\u1eafp \u0111\u1eb7t d\u00e2y chuy\u1ec1n s\u1ea3n xu\u1ea5t V\u1eadn chuy\u1ec3n to\u00e0n b\u1ed9 thi\u1ebft b\u1ecb nh\u00e0 m\u00e1y \ud83d\udd39 V\u1eadn chuy\u1ec3n m\u00e1y m\u00f3c c\u00f4ng nghi\u1ec7p n\u1eb7ng Xe c\u1ea9u \u2013 xe \u0111\u1ea7u k\u00e9o \u2013 mooc l\u00f9n Ph\u1ee5c v\u1ee5 m\u00e1y m\u00f3c si\u00eau tr\u01b0\u1eddng si\u00eau tr\u1ecdng \ud83d\udccd Khu v\u1ef1c ph\u1ee5c v\u1ee5 D\u1ecbch v\u1ee5 ho\u1ea1t \u0111\u1ed9ng nhanh t\u1ea1i c\u00e1c khu c\u00f4ng nghi\u1ec7p l\u1edbn: VSIP \u2013 Thu\u1eadn An S\u00f3ng Th\u1ea7n \u2013 D\u0129 An M\u1ef9 Ph\u01b0\u1edbc \u2013 B\u1ebfn C\u00e1t Nam T\u00e2n Uy\u00ean \u2013 T\u00e2n Uy\u00ean Ngo\u00e0i B\u00ecnh D\u01b0\u01a1ng, xe n\u00e2ng M\u1ea1nh H\u00f9ng c\u00f2n ph\u1ee5c v\u1ee5 nhanh t\u1ea1i: Th\u00e0nh ph\u1ed1 H\u1ed3 Ch\u00ed Minh \u0110\u1ed3ng Nai Long An B\u00e0 R\u1ecba \u2013 V\u0169ng T\u00e0u \u2b50 L\u00fd do kh\u00e1ch h\u00e0ng ch\u1ecdn xe n\u00e2ng M\u1ea1nh H\u00f9ng \u2714 Xe n\u00e2ng nhi\u1ec1u t\u1ea3i tr\u1ecdng, s\u1eb5n s\u00e0ng ph\u1ee5c v\u1ee5 \u2714 T\u00e0i x\u1ebf nhi\u1ec1u kinh nghi\u1ec7m v\u1eadn h\u00e0nh an to\u00e0n \u2714 Nh\u1eadn vi\u1ec7c 24\/7 t\u1ea1i khu c\u00f4ng nghi\u1ec7p \u2714 Gi\u00e1 thu\u00ea c\u1ea1nh tranh \u2013 h\u1ed7 tr\u1ee3 nhanh \u260e Xe N\u00e2ng M\u1ea1nh H\u00f9ng \u2013 Cho Thu\u00ea Xe N\u00e2ng B\u00ecnh D\u01b0\u01a1ng \ud83d\udcde Hotline: 0907 592 494\" width=\"1000\" height=\"749\" srcset=\"https:\/\/xenanghangbinhduong.com\/wp-content\/uploads\/2026\/01\/boc-xep-van-chuyen-hang-hoa.jpg 1000w, https:\/\/xenanghangbinhduong.com\/wp-content\/uploads\/2026\/01\/boc-xep-van-chuyen-hang-hoa-768x575.jpg 768w, https:\/\/xenanghangbinhduong.com\/wp-content\/uploads\/2026\/01\/boc-xep-van-chuyen-hang-hoa-300x225.jpg 300w, https:\/\/xenanghangbinhduong.com\/wp-content\/uploads\/2026\/01\/boc-xep-van-chuyen-hang-hoa-600x449.jpg 600w\" sizes=\"auto, (max-width: 1000px) 100vw, 1000px\" \/><\/a>g B\u00ecnh D\u01b0\u01a1ng<\/p>\n<p>\ud83d\udcde Hotline: 0907 592 494<\/p>\n","protected":false},"featured_media":1146,"comment_status":"open","ping_status":"closed","template":"","meta":[],"product_brand":[],"product_cat":[85,84,15],"product_tag":[],"class_list":{"0":"post-1245","1":"product","2":"type-product","3":"status-publish","4":"has-post-thumbnail","6":"product_cat-dong-goi","7":"product_cat-xe-cau","8":"product_cat-xe-nang","10":"first","11":"instock","12":"shipping-taxable","13":"product-type-simple"},"_links":{"self":[{"href":"https:\/\/xenanghangbinhduong.com\/index.php?rest_route=\/wp\/v2\/product\/1245","targetHints":{"allow":["GET"]}}],"collection":[{"href":"https:\/\/xenanghangbinhduong.com\/index.php?rest_route=\/wp\/v2\/product"}],"about":[{"href":"https:\/\/xenanghangbinhduong.com\/index.php?rest_route=\/wp\/v2\/types\/product"}],"replies":[{"embeddable":true,"href":"https:\/\/xenanghangbinhduong.com\/index.php?rest_route=%2Fwp%2Fv2%2Fcomments&post=1245"}],"wp:featuredmedia":[{"embeddable":true,"href":"https:\/\/xenanghangbinhduong.com\/index.php?rest_route=\/wp\/v2\/media\/1146"}],"wp:attachment":[{"href":"https:\/\/xenanghangbinhduong.com\/index.php?rest_route=%2Fwp%2Fv2%2Fmedia&parent=1245"}],"wp:term":[{"taxonomy":"product_brand","embeddable":true,"href":"https:\/\/xenanghangbinhduong.com\/index.php?rest_route=%2Fwp%2Fv2%2Fproduct_brand&post=1245"},{"taxonomy":"product_cat","embeddable":true,"href":"https:\/\/xenanghangbinhduong.com\/index.php?rest_route=%2Fwp%2Fv2%2Fproduct_cat&post=1245"},{"taxonomy":"product_tag","embeddable":true,"href":"https:\/\/xenanghangbinhduong.com\/index.php?rest_route=%2Fwp%2Fv2%2Fproduct_tag&post=1245"}],"curies":[{"name":"wp","href":"https:\/\/api.w.org\/{rel}","templated":true}]}}