{"id":1259,"date":"2026-03-16T00:58:00","date_gmt":"2026-03-15T17:58:00","guid":{"rendered":"https:\/\/xenanghangbinhduong.com\/?post_type=product&#038;p=1259"},"modified":"2026-03-16T00:58:01","modified_gmt":"2026-03-15T17:58:01","slug":"xe-nang-binh-phuoc","status":"publish","type":"product","link":"https:\/\/xenanghangbinhduong.com\/?product=xe-nang-binh-phuoc","title":{"rendered":"Xe n\u00e2ng B\u00ecnh Ph\u01b0\u1edbc"},"content":{"rendered":"<figure id=\"attachment_1126\" aria-describedby=\"caption-attachment-1126\" style=\"width: 500px\" class=\"wp-caption aligncenter\"><a href=\"https:\/\/xenanghangbinhduong.com\/?attachment_id=1126#main\" rel=\"attachment wp-att-1126\"><img loading=\"lazy\" decoding=\"async\" class=\"size-full wp-image-1126\" src=\"https:\/\/xenanghangbinhduong.com\/wp-content\/uploads\/2026\/01\/z7472330924714_4181b4527fb81507d557aaddda183adc.jpg\" alt=\"\ud83d\ude9c Di D\u1eddi M\u00e1y M\u00f3c B\u00ecnh D\u01b0\u01a1ng \u2013 Cho Thu\u00ea Xe N\u00e2ng \u2013 Xe C\u1ea9u M\u1ea1nh H\u00f9ng Xe N\u00e2ng M\u1ea1nh H\u00f9ng chuy\u00ean cung c\u1ea5p d\u1ecbch v\u1ee5 di d\u1eddi m\u00e1y m\u00f3c \u2013 cho thu\u00ea xe n\u00e2ng \u2013 xe c\u1ea9u h\u00e0ng t\u1ea1i B\u00ecnh D\u01b0\u01a1ng v\u00e0 c\u00e1c khu c\u00f4ng nghi\u1ec7p khu v\u1ef1c mi\u1ec1n Nam. V\u1edbi nhi\u1ec1u n\u0103m kinh nghi\u1ec7m trong l\u0129nh v\u1ef1c n\u00e2ng h\u1ea1 v\u00e0 v\u1eadn chuy\u1ec3n thi\u1ebft b\u1ecb c\u00f4ng nghi\u1ec7p, ch\u00fang t\u00f4i \u0111\u1ea3m b\u1ea3o an to\u00e0n \u2013 nhanh ch\u00f3ng \u2013 gi\u00e1 h\u1ee3p l\u00fd. \u2699\ufe0f D\u1ecbch v\u1ee5 ch\u00ednh \ud83d\udd39 Di d\u1eddi m\u00e1y m\u00f3c c\u00f4ng nghi\u1ec7p Di chuy\u1ec3n m\u00e1y CNC, m\u00e1y \u00e9p, m\u00e1y c\u01a1 kh\u00ed H\u1ea1 \u0111\u1eb7t m\u00e1y m\u00f3c v\u00e0o v\u1ecb tr\u00ed trong nh\u00e0 x\u01b0\u1edfng Th\u00e1o l\u1eafp v\u00e0 v\u1eadn chuy\u1ec3n d\u00e2y chuy\u1ec1n s\u1ea3n xu\u1ea5t \ud83d\udd39 Cho thu\u00ea xe n\u00e2ng h\u00e0ng Xe n\u00e2ng d\u1ea7u \u2013 xe n\u00e2ng \u0111i\u1ec7n T\u1ea3i tr\u1ecdng t\u1eeb 1 t\u1ea5n \u0111\u1ebfn 15 t\u1ea5n N\u00e2ng h\u00e0ng kho x\u01b0\u1edfng, container \ud83d\udd39 Cho thu\u00ea xe c\u1ea9u h\u00e0ng Xe c\u1ea9u t\u1ef1 h\u00e0nh C\u1ea9u m\u00e1y m\u00f3c c\u00f4ng nghi\u1ec7p n\u1eb7ng H\u1ed7 tr\u1ee3 n\u00e2ng h\u1ea1 thi\u1ebft b\u1ecb trong nh\u00e0 m\u00e1y \ud83d\udd39 Di d\u1eddi kho x\u01b0\u1edfng \u2013 nh\u00e0 m\u00e1y Di d\u1eddi to\u00e0n b\u1ed9 d\u00e2y chuy\u1ec1n s\u1ea3n xu\u1ea5t B\u1ed1c x\u1ebfp v\u00e0 v\u1eadn chuy\u1ec3n m\u00e1y m\u00f3c L\u1eafp \u0111\u1eb7t thi\u1ebft b\u1ecb t\u1ea1i \u0111\u1ecba \u0111i\u1ec3m m\u1edbi \ud83d\udccd Ph\u1ee5c v\u1ee5 c\u00e1c khu c\u00f4ng nghi\u1ec7p l\u1edbn D\u1ecbch v\u1ee5 ho\u1ea1t \u0111\u1ed9ng nhanh t\u1ea1i nhi\u1ec1u khu c\u00f4ng nghi\u1ec7p nh\u01b0: VSIP \u2013 Thu\u1eadn An S\u00f3ng Th\u1ea7n \u2013 D\u0129 An M\u1ef9 Ph\u01b0\u1edbc \u2013 B\u1ebfn C\u00e1t Nam T\u00e2n Uy\u00ean \u2013 T\u00e2n Uy\u00ean Ngo\u00e0i B\u00ecnh D\u01b0\u01a1ng c\u00f2n ph\u1ee5c v\u1ee5 nhanh t\u1ea1i: Th\u00e0nh ph\u1ed1 H\u1ed3 Ch\u00ed Minh \u0110\u1ed3ng Nai Long An T\u00e2y Ninh \u2b50 \u01afu \u0111i\u1ec3m d\u1ecbch v\u1ee5 Xe N\u00e2ng M\u1ea1nh H\u00f9ng \u2714 \u0110\u1ed9i xe n\u00e2ng \u2013 xe c\u1ea9u \u0111a t\u1ea3i tr\u1ecdng \u2714 Nh\u00e2n vi\u00ean v\u1eadn h\u00e0nh kinh nghi\u1ec7m l\u00e2u n\u0103m \u2714 H\u1ed7 tr\u1ee3 nhanh 24\/7 t\u1ea1i khu c\u00f4ng nghi\u1ec7p \u2714 Thi c\u00f4ng an to\u00e0n \u2013 \u0111\u00fang ti\u1ebfn \u0111\u1ed9 \u260e Xe N\u00e2ng M\u1ea1nh H\u00f9ng \u2013 Di D\u1eddi M\u00e1y M\u00f3c B\u00ecnh D\u01b0\u01a1ng \ud83d\udcde Hotline: 0907 592 494\" width=\"500\" height=\"500\" srcset=\"https:\/\/xenanghangbinhduong.com\/wp-content\/uploads\/2026\/01\/z7472330924714_4181b4527fb81507d557aaddda183adc.jpg 500w, https:\/\/xenanghangbinhduong.com\/wp-content\/uploads\/2026\/01\/z7472330924714_4181b4527fb81507d557aaddda183adc-100x100.jpg 100w\" sizes=\"auto, (max-width: 500px) 100vw, 500px\" \/><\/a><figcaption id=\"caption-attachment-1126\" class=\"wp-caption-text\">Xe n\u00e2ng B\u00ecnh D\u01b0\u01a1ng &#8211; Di d\u1eddi m\u00e1y m\u00f3c B\u00ecnh D\u01b0\u01a1ng<\/figcaption><\/figure>\n<p>D\u1ecbch V\u1ee5 Di D\u1eddi M\u00e1y M\u00f3c C\u00f4ng Nghi\u1ec7p T\u1ea1i B\u00ecnh D\u01b0\u01a1ng<\/p>\n<p>Trong c\u00e1c nh\u00e0 m\u00e1y s\u1ea3n xu\u1ea5t, vi\u1ec7c di d\u1eddi m\u00e1y m\u00f3c c\u00f4ng nghi\u1ec7p n\u1eb7ng \u0111\u00f2i h\u1ecfi thi\u1ebft b\u1ecb chuy\u00ean d\u1ee5ng v\u00e0 \u0111\u1ed9i ng\u0169 k\u1ef9 thu\u1eadt nhi\u1ec1u kinh nghi\u1ec7m. N\u00e2ng C\u1ea9u M\u1ea1nh H\u00f9ng l\u00e0 \u0111\u01a1n v\u1ecb chuy\u00ean cung c\u1ea5p d\u1ecbch v\u1ee5 di d\u1eddi m\u00e1y m\u00f3c t\u1ea1i B\u00ecnh D\u01b0\u01a1ng nhanh ch\u00f3ng v\u00e0 an to\u00e0n.<\/p>\n<p>Quy tr\u00ecnh di d\u1eddi m\u00e1y m\u00f3c<\/p>\n<p>Kh\u1ea3o s\u00e1t v\u1ecb tr\u00ed v\u00e0 tr\u1ecdng l\u01b0\u1ee3ng m\u00e1y<\/p>\n<p>L\u00ean ph\u01b0\u01a1ng \u00e1n n\u00e2ng h\u1ea1<\/p>\n<p>S\u1eed d\u1ee5ng xe n\u00e2ng v\u00e0 xe c\u1ea9u ph\u00f9 h\u1ee3p<\/p>\n<p>V\u1eadn chuy\u1ec3n v\u00e0 l\u1eafp \u0111\u1eb7t t\u1ea1i v\u1ecb tr\u00ed m\u1edbi<\/p>\n<p>C\u00e1c lo\u1ea1i m\u00e1y m\u00f3c th\u01b0\u1eddng di d\u1eddi<\/p>\n<p>M\u00e1y CNC<\/p>\n<p>M\u00e1y \u00e9p nh\u1ef1a<\/p>\n<p>M\u00e1y c\u01a1 kh\u00ed<\/p>\n<p>D\u00e2y chuy\u1ec1n s\u1ea3n xu\u1ea5t<\/p>\n<p>Ch\u00fang t\u00f4i cam k\u1ebft thi c\u00f4ng an to\u00e0n v\u00e0 \u0111\u00fang ti\u1ebfn \u0111\u1ed9 cho doanh nghi\u1ec7p.<\/p>\n<p>\ud83d\udcde Hotline: 0937 691 063<\/p>\n","protected":false},"excerpt":{"rendered":"<p>D\u1ecbch V\u1ee5 Di D\u1eddi M\u00e1y M\u00f3c C\u00f4ng Nghi\u1ec7p T\u1ea1i B\u00ecnh D\u01b0\u01a1ng Trong c\u00e1c nh\u00e0 m\u00e1y s\u1ea3n xu\u1ea5t, vi\u1ec7c di d\u1eddi m\u00e1y m\u00f3c c\u00f4ng nghi\u1ec7p n\u1eb7ng \u0111\u00f2i h\u1ecfi thi\u1ebft b\u1ecb chuy\u00ean d\u1ee5ng v\u00e0 \u0111\u1ed9i ng\u0169 k\u1ef9 thu\u1eadt nhi\u1ec1u kinh nghi\u1ec7m. N\u00e2ng C\u1ea9u M\u1ea1nh H\u00f9ng l\u00e0 \u0111\u01a1n v\u1ecb chuy\u00ean cung c\u1ea5p d\u1ecbch v\u1ee5 di d\u1eddi m\u00e1y m\u00f3c&#8230;<\/p>\n","protected":false},"featured_media":1023,"comment_status":"open","ping_status":"closed","template":"","meta":[],"product_brand":[],"product_cat":[85,116,115,117,84,15],"product_tag":[],"class_list":{"0":"post-1259","1":"product","2":"type-product","3":"status-publish","4":"has-post-thumbnail","6":"product_cat-dong-goi","7":"product_cat-di-doi-kho-xuong","8":"product_cat-di-doi-may-moc","9":"product_cat-van-chuyen-may-moc-cong-nghiep-nang","10":"product_cat-xe-cau","11":"product_cat-xe-nang","13":"first","14":"instock","15":"shipping-taxable","16":"product-type-simple"},"_links":{"self":[{"href":"https:\/\/xenanghangbinhduong.com\/index.php?rest_route=\/wp\/v2\/product\/1259","targetHints":{"allow":["GET"]}}],"collection":[{"href":"https:\/\/xenanghangbinhduong.com\/index.php?rest_route=\/wp\/v2\/product"}],"about":[{"href":"https:\/\/xenanghangbinhduong.com\/index.php?rest_route=\/wp\/v2\/types\/product"}],"replies":[{"embeddable":true,"href":"https:\/\/xenanghangbinhduong.com\/index.php?rest_route=%2Fwp%2Fv2%2Fcomments&post=1259"}],"wp:featuredmedia":[{"embeddable":true,"href":"https:\/\/xenanghangbinhduong.com\/index.php?rest_route=\/wp\/v2\/media\/1023"}],"wp:attachment":[{"href":"https:\/\/xenanghangbinhduong.com\/index.php?rest_route=%2Fwp%2Fv2%2Fmedia&parent=1259"}],"wp:term":[{"taxonomy":"product_brand","embeddable":true,"href":"https:\/\/xenanghangbinhduong.com\/index.php?rest_route=%2Fwp%2Fv2%2Fproduct_brand&post=1259"},{"taxonomy":"product_cat","embeddable":true,"href":"https:\/\/xenanghangbinhduong.com\/index.php?rest_route=%2Fwp%2Fv2%2Fproduct_cat&post=1259"},{"taxonomy":"product_tag","embeddable":true,"href":"https:\/\/xenanghangbinhduong.com\/index.php?rest_route=%2Fwp%2Fv2%2Fproduct_tag&post=1259"}],"curies":[{"name":"wp","href":"https:\/\/api.w.org\/{rel}","templated":true}]}}